{"id":10491,"date":"2022-07-11T17:33:36","date_gmt":"2022-07-11T14:33:36","guid":{"rendered":"https:\/\/www.ksttukku.fi\/kauppa\/?post_type=product&#038;p=10491"},"modified":"2022-07-11T19:18:27","modified_gmt":"2022-07-11T16:18:27","slug":"narulukko-pyorea-salekaihtimeen","status":"publish","type":"product","link":"https:\/\/www.ksttukku.fi\/kauppa\/tuote\/narulukko-pyorea-salekaihtimeen\/","title":{"rendered":"Narulukko py\u00f6re\u00e4  s\u00e4lekaihtimeen"},"content":{"rendered":"<p>Kaihdinnaru kierret\u00e4\u00e4n narulukon ymp\u00e4rille<\/p>\n","protected":false},"excerpt":{"rendered":"<p>Kaihdinnaru kierret\u00e4\u00e4n narulukon ymp\u00e4rille<\/p>\n","protected":false},"featured_media":10492,"comment_status":"closed","ping_status":"closed","template":"","meta":[],"product_brand":[],"product_cat":[114,113],"product_tag":[],"class_list":{"0":"post-10491","1":"product","2":"type-product","3":"status-publish","4":"has-post-thumbnail","6":"product_cat-salekaihtimen-varaosat","7":"product_cat-salekaihtimet","9":"first","10":"instock","11":"taxable","12":"shipping-taxable","13":"purchasable","14":"product-type-simple"},"_links":{"self":[{"href":"https:\/\/www.ksttukku.fi\/kauppa\/wp-json\/wp\/v2\/product\/10491","targetHints":{"allow":["GET"]}}],"collection":[{"href":"https:\/\/www.ksttukku.fi\/kauppa\/wp-json\/wp\/v2\/product"}],"about":[{"href":"https:\/\/www.ksttukku.fi\/kauppa\/wp-json\/wp\/v2\/types\/product"}],"replies":[{"embeddable":true,"href":"https:\/\/www.ksttukku.fi\/kauppa\/wp-json\/wp\/v2\/comments?post=10491"}],"wp:featuredmedia":[{"embeddable":true,"href":"https:\/\/www.ksttukku.fi\/kauppa\/wp-json\/wp\/v2\/media\/10492"}],"wp:attachment":[{"href":"https:\/\/www.ksttukku.fi\/kauppa\/wp-json\/wp\/v2\/media?parent=10491"}],"wp:term":[{"taxonomy":"product_brand","embeddable":true,"href":"https:\/\/www.ksttukku.fi\/kauppa\/wp-json\/wp\/v2\/product_brand?post=10491"},{"taxonomy":"product_cat","embeddable":true,"href":"https:\/\/www.ksttukku.fi\/kauppa\/wp-json\/wp\/v2\/product_cat?post=10491"},{"taxonomy":"product_tag","embeddable":true,"href":"https:\/\/www.ksttukku.fi\/kauppa\/wp-json\/wp\/v2\/product_tag?post=10491"}],"curies":[{"name":"wp","href":"https:\/\/api.w.org\/{rel}","templated":true}]}}