{"id":10522,"date":"2022-07-13T12:16:07","date_gmt":"2022-07-13T09:16:07","guid":{"rendered":"https:\/\/www.ksttukku.fi\/kauppa\/?post_type=product&#038;p=10522"},"modified":"2022-07-13T12:27:59","modified_gmt":"2022-07-13T09:27:59","slug":"filamentti-led-karkipeililamppu-7w-dim","status":"publish","type":"product","link":"https:\/\/www.ksttukku.fi\/kauppa\/tuote\/filamentti-led-karkipeililamppu-7w-dim\/","title":{"rendered":"Filamentti led-k\u00e4rkipeililamppu 7W \u00a0DIM"},"content":{"rendered":"<p>Kirkas vakiokupuinen himmennett\u00e4v\u00e4 filamentti led-k\u00e4rkipeililamppu 7W \u00a0 2700K \u00a0 680lm<\/p>\n<p>Hyv\u00e4 v\u00e4rintoisto CRI &gt; 80.<\/p>\n<p>Ei\u00a0 sis\u00e4ll\u00e4 elohopeaa.<\/p>\n<p>Kanta E27<\/p>\n","protected":false},"excerpt":{"rendered":"<p>Kirkas vakiokupuinen himmennett\u00e4v\u00e4 filamentti led-k\u00e4rkipeililamppu 7W \u00a0 2700K \u00a0 680lm Hyv\u00e4 v\u00e4rintoisto CRI &gt; 80. Ei\u00a0 sis\u00e4ll\u00e4 elohopeaa. Kanta E27<\/p>\n","protected":false},"featured_media":10523,"comment_status":"closed","ping_status":"closed","template":"","meta":[],"product_brand":[],"product_cat":[188,186],"product_tag":[],"class_list":{"0":"post-10522","1":"product","2":"type-product","3":"status-publish","4":"has-post-thumbnail","6":"product_cat-himmennettavat-lamput","7":"product_cat-ledlamput","9":"first","10":"instock","11":"taxable","12":"shipping-taxable","13":"purchasable","14":"product-type-simple"},"_links":{"self":[{"href":"https:\/\/www.ksttukku.fi\/kauppa\/wp-json\/wp\/v2\/product\/10522","targetHints":{"allow":["GET"]}}],"collection":[{"href":"https:\/\/www.ksttukku.fi\/kauppa\/wp-json\/wp\/v2\/product"}],"about":[{"href":"https:\/\/www.ksttukku.fi\/kauppa\/wp-json\/wp\/v2\/types\/product"}],"replies":[{"embeddable":true,"href":"https:\/\/www.ksttukku.fi\/kauppa\/wp-json\/wp\/v2\/comments?post=10522"}],"wp:featuredmedia":[{"embeddable":true,"href":"https:\/\/www.ksttukku.fi\/kauppa\/wp-json\/wp\/v2\/media\/10523"}],"wp:attachment":[{"href":"https:\/\/www.ksttukku.fi\/kauppa\/wp-json\/wp\/v2\/media?parent=10522"}],"wp:term":[{"taxonomy":"product_brand","embeddable":true,"href":"https:\/\/www.ksttukku.fi\/kauppa\/wp-json\/wp\/v2\/product_brand?post=10522"},{"taxonomy":"product_cat","embeddable":true,"href":"https:\/\/www.ksttukku.fi\/kauppa\/wp-json\/wp\/v2\/product_cat?post=10522"},{"taxonomy":"product_tag","embeddable":true,"href":"https:\/\/www.ksttukku.fi\/kauppa\/wp-json\/wp\/v2\/product_tag?post=10522"}],"curies":[{"name":"wp","href":"https:\/\/api.w.org\/{rel}","templated":true}]}}