{"id":10524,"date":"2022-07-13T12:39:59","date_gmt":"2022-07-13T09:39:59","guid":{"rendered":"https:\/\/www.ksttukku.fi\/kauppa\/?post_type=product&#038;p=10524"},"modified":"2022-07-13T16:50:52","modified_gmt":"2022-07-13T13:50:52","slug":"jaakaappilamppu-160lm-18w","status":"publish","type":"product","link":"https:\/\/www.ksttukku.fi\/kauppa\/tuote\/jaakaappilamppu-160lm-18w\/","title":{"rendered":"Led-J\u00e4\u00e4kaappilamppu  160lm 1,8W"},"content":{"rendered":"<p>Opaali pienkupuinen led-lamppu laitteisiin ja j\u00e4\u00e4kaappeihin<\/p>\n<p>1,8W<\/p>\n<p>2700K<\/p>\n<p>kanta\u00a0 E14<\/p>\n<p>teho\u00a0 160lm<\/p>\n<p>koko\u00a0 27x58mm<\/p>\n<p>Ei sis\u00e4ll\u00e4 elohopeaa.<\/p>\n","protected":false},"excerpt":{"rendered":"<p>Opaali pienkupuinen led-lamppu laitteisiin ja j\u00e4\u00e4kaappeihin 1,8W 2700K kanta\u00a0 E14 teho\u00a0 160lm koko\u00a0 27x58mm Ei sis\u00e4ll\u00e4 elohopeaa.<\/p>\n","protected":false},"featured_media":10525,"comment_status":"closed","ping_status":"closed","template":"","meta":[],"product_brand":[],"product_cat":[186,185,34],"product_tag":[],"class_list":{"0":"post-10524","1":"product","2":"type-product","3":"status-publish","4":"has-post-thumbnail","6":"product_cat-ledlamput","7":"product_cat-lamput","8":"product_cat-valaisimet","10":"first","11":"instock","12":"taxable","13":"shipping-taxable","14":"purchasable","15":"product-type-simple"},"_links":{"self":[{"href":"https:\/\/www.ksttukku.fi\/kauppa\/wp-json\/wp\/v2\/product\/10524","targetHints":{"allow":["GET"]}}],"collection":[{"href":"https:\/\/www.ksttukku.fi\/kauppa\/wp-json\/wp\/v2\/product"}],"about":[{"href":"https:\/\/www.ksttukku.fi\/kauppa\/wp-json\/wp\/v2\/types\/product"}],"replies":[{"embeddable":true,"href":"https:\/\/www.ksttukku.fi\/kauppa\/wp-json\/wp\/v2\/comments?post=10524"}],"wp:featuredmedia":[{"embeddable":true,"href":"https:\/\/www.ksttukku.fi\/kauppa\/wp-json\/wp\/v2\/media\/10525"}],"wp:attachment":[{"href":"https:\/\/www.ksttukku.fi\/kauppa\/wp-json\/wp\/v2\/media?parent=10524"}],"wp:term":[{"taxonomy":"product_brand","embeddable":true,"href":"https:\/\/www.ksttukku.fi\/kauppa\/wp-json\/wp\/v2\/product_brand?post=10524"},{"taxonomy":"product_cat","embeddable":true,"href":"https:\/\/www.ksttukku.fi\/kauppa\/wp-json\/wp\/v2\/product_cat?post=10524"},{"taxonomy":"product_tag","embeddable":true,"href":"https:\/\/www.ksttukku.fi\/kauppa\/wp-json\/wp\/v2\/product_tag?post=10524"}],"curies":[{"name":"wp","href":"https:\/\/api.w.org\/{rel}","templated":true}]}}