{"id":10548,"date":"2022-07-14T12:22:16","date_gmt":"2022-07-14T09:22:16","guid":{"rendered":"https:\/\/www.ksttukku.fi\/kauppa\/?post_type=product&#038;p=10548"},"modified":"2022-07-14T12:22:17","modified_gmt":"2022-07-14T09:22:17","slug":"mario-kattospottivalaisin-3-os-musta","status":"publish","type":"product","link":"https:\/\/www.ksttukku.fi\/kauppa\/tuote\/mario-kattospottivalaisin-3-os-musta\/","title":{"rendered":"Mario kattospottivalaisin 3-os musta"},"content":{"rendered":"<p data-sanitized-data-mce-fragment=\"1\">Metallinen 3-osainen kattospottivalaisin Mario luo tilaan hyv\u00e4\u00e4 kohdevaloa.<\/p>\n<p data-sanitized-data-mce-fragment=\"1\">Kromin v\u00e4riset yksityiskohdat antavat tilaan modernia tyyli\u00e4.<\/p>\n<p data-sanitized-data-mce-fragment=\"1\">leveys\u00a0 60,5 cm<\/p>\n<p data-sanitized-data-mce-fragment=\"1\">varjostimen halkaisija 8,5<\/p>\n<p data-sanitized-data-mce-fragment=\"1\">kanta GU 10<\/p>\n<p data-sanitized-data-mce-fragment=\"1\">pistoke<\/p>\n","protected":false},"excerpt":{"rendered":"<p>Metallinen 3-osainen kattospottivalaisin Mario luo tilaan hyv\u00e4\u00e4 kohdevaloa. Kromin v\u00e4riset yksityiskohdat antavat tilaan modernia tyyli\u00e4. leveys\u00a0 60,5 cm varjostimen halkaisija 8,5 kanta GU 10 pistoke<\/p>\n","protected":false},"featured_media":10549,"comment_status":"closed","ping_status":"closed","template":"","meta":[],"product_brand":[],"product_cat":[40,41,34],"product_tag":[],"class_list":{"0":"post-10548","1":"product","2":"type-product","3":"status-publish","4":"has-post-thumbnail","6":"product_cat-kattovalaisimet","7":"product_cat-kohdevalaisimet","8":"product_cat-valaisimet","10":"first","11":"instock","12":"taxable","13":"shipping-taxable","14":"purchasable","15":"product-type-simple"},"_links":{"self":[{"href":"https:\/\/www.ksttukku.fi\/kauppa\/wp-json\/wp\/v2\/product\/10548","targetHints":{"allow":["GET"]}}],"collection":[{"href":"https:\/\/www.ksttukku.fi\/kauppa\/wp-json\/wp\/v2\/product"}],"about":[{"href":"https:\/\/www.ksttukku.fi\/kauppa\/wp-json\/wp\/v2\/types\/product"}],"replies":[{"embeddable":true,"href":"https:\/\/www.ksttukku.fi\/kauppa\/wp-json\/wp\/v2\/comments?post=10548"}],"wp:featuredmedia":[{"embeddable":true,"href":"https:\/\/www.ksttukku.fi\/kauppa\/wp-json\/wp\/v2\/media\/10549"}],"wp:attachment":[{"href":"https:\/\/www.ksttukku.fi\/kauppa\/wp-json\/wp\/v2\/media?parent=10548"}],"wp:term":[{"taxonomy":"product_brand","embeddable":true,"href":"https:\/\/www.ksttukku.fi\/kauppa\/wp-json\/wp\/v2\/product_brand?post=10548"},{"taxonomy":"product_cat","embeddable":true,"href":"https:\/\/www.ksttukku.fi\/kauppa\/wp-json\/wp\/v2\/product_cat?post=10548"},{"taxonomy":"product_tag","embeddable":true,"href":"https:\/\/www.ksttukku.fi\/kauppa\/wp-json\/wp\/v2\/product_tag?post=10548"}],"curies":[{"name":"wp","href":"https:\/\/api.w.org\/{rel}","templated":true}]}}