{"id":10617,"date":"2022-07-22T11:33:56","date_gmt":"2022-07-22T08:33:56","guid":{"rendered":"https:\/\/www.ksttukku.fi\/kauppa\/?post_type=product&#038;p=10617"},"modified":"2022-07-22T11:33:58","modified_gmt":"2022-07-22T08:33:58","slug":"portaikkovalosarja-607512-6-osainen","status":"publish","type":"product","link":"https:\/\/www.ksttukku.fi\/kauppa\/tuote\/portaikkovalosarja-607512-6-osainen\/","title":{"rendered":"Portaikkovalosarja 607512 6 osainen"},"content":{"rendered":"<p>Portaikkovalosarja sis\u00e4- ja ulkok\u00e4ytt\u00f6\u00f6n<\/p>\n<p>portaikkoon, parvekkeelle,terassille ym. uppoasennettavat LED-valot, joissa valittavissa l\u00e4mmin valkoinen tai kirkas valkoinen v\u00e4ris\u00e4vy.<\/p>\n<p>Valoissa on tyylik\u00e4s musta hattu. 6 valaisimen sarja, lamppujen halkaisija 4 cm, lamppuv\u00e4li 1,5 m, liit\u00e4nt\u00e4kaapeli 4,5 m. Musta alumiinirunko 25 mm.<\/p>\n<p>Terassivalosarjassa on h\u00e4m\u00e4r\u00e4kytkin ja kauko-ohjain.<\/p>\n<p>LED-valojen v\u00e4ris\u00e4vy on muutettavissa l\u00e4mmin valkoinen\/ kirkas valkoinen, k\u00e4\u00e4nt\u00e4m\u00e4ll\u00e4 liitinsuunta h\u00e4m\u00e4r\u00e4kytkimelt\u00e4 valaisimelle 180 astetta.<\/p>\n<p>Pakkauksessa mukana puuporanter\u00e4 ja kiinnitysruuvi h\u00e4m\u00e4r\u00e4kytkimen kiinnitykseen.<\/p>\n<p>materiaali alumiini,ABS,kupari<\/p>\n<table id=\"product-attribute-specs-table\" class=\"data table additional-attributes\" style=\"width: 97.3208%; height: 55px;\">\n<tbody>\n<tr style=\"height: 25px;\">\n<th class=\"col label\" style=\"height: 25px; width: 20.2752%;\" scope=\"row\"><\/th>\n<td class=\"col data\" style=\"height: 25px; width: 79.58%;\" data-th=\"Materiaali\"><\/td>\n<\/tr>\n<\/tbody>\n<\/table>\n","protected":false},"excerpt":{"rendered":"<p>Portaikkovalosarja sis\u00e4- ja ulkok\u00e4ytt\u00f6\u00f6n portaikkoon, parvekkeelle,terassille ym. uppoasennettavat LED-valot, joissa valittavissa l\u00e4mmin valkoinen tai kirkas valkoinen v\u00e4ris\u00e4vy. Valoissa on tyylik\u00e4s musta hattu. 6 valaisimen sarja, lamppujen halkaisija 4 cm, lamppuv\u00e4li 1,5 m, liit\u00e4nt\u00e4kaapeli 4,5 m. Musta alumiinirunko 25 mm. Terassivalosarjassa on h\u00e4m\u00e4r\u00e4kytkin ja kauko-ohjain. LED-valojen v\u00e4ris\u00e4vy on muutettavissa l\u00e4mmin valkoinen\/ kirkas valkoinen, k\u00e4\u00e4nt\u00e4m\u00e4ll\u00e4 liitinsuunta h\u00e4m\u00e4r\u00e4kytkimelt\u00e4 [&hellip;]<\/p>\n","protected":false},"featured_media":10618,"comment_status":"closed","ping_status":"closed","template":"","meta":[],"product_brand":[],"product_cat":[59,36,34],"product_tag":[],"class_list":{"0":"post-10617","1":"product","2":"type-product","3":"status-publish","4":"has-post-thumbnail","6":"product_cat-terassivalaisimet","7":"product_cat-ulkovalaisimet","8":"product_cat-valaisimet","10":"first","11":"instock","12":"taxable","13":"shipping-taxable","14":"purchasable","15":"product-type-simple"},"_links":{"self":[{"href":"https:\/\/www.ksttukku.fi\/kauppa\/wp-json\/wp\/v2\/product\/10617","targetHints":{"allow":["GET"]}}],"collection":[{"href":"https:\/\/www.ksttukku.fi\/kauppa\/wp-json\/wp\/v2\/product"}],"about":[{"href":"https:\/\/www.ksttukku.fi\/kauppa\/wp-json\/wp\/v2\/types\/product"}],"replies":[{"embeddable":true,"href":"https:\/\/www.ksttukku.fi\/kauppa\/wp-json\/wp\/v2\/comments?post=10617"}],"wp:featuredmedia":[{"embeddable":true,"href":"https:\/\/www.ksttukku.fi\/kauppa\/wp-json\/wp\/v2\/media\/10618"}],"wp:attachment":[{"href":"https:\/\/www.ksttukku.fi\/kauppa\/wp-json\/wp\/v2\/media?parent=10617"}],"wp:term":[{"taxonomy":"product_brand","embeddable":true,"href":"https:\/\/www.ksttukku.fi\/kauppa\/wp-json\/wp\/v2\/product_brand?post=10617"},{"taxonomy":"product_cat","embeddable":true,"href":"https:\/\/www.ksttukku.fi\/kauppa\/wp-json\/wp\/v2\/product_cat?post=10617"},{"taxonomy":"product_tag","embeddable":true,"href":"https:\/\/www.ksttukku.fi\/kauppa\/wp-json\/wp\/v2\/product_tag?post=10617"}],"curies":[{"name":"wp","href":"https:\/\/api.w.org\/{rel}","templated":true}]}}