{"id":10625,"date":"2022-07-22T12:12:09","date_gmt":"2022-07-22T09:12:09","guid":{"rendered":"https:\/\/www.ksttukku.fi\/kauppa\/?post_type=product&#038;p=10625"},"modified":"2022-07-22T12:22:17","modified_gmt":"2022-07-22T09:22:17","slug":"lisavalo-jatkettavaan-terassivalosarjaan-607516","status":"publish","type":"product","link":"https:\/\/www.ksttukku.fi\/kauppa\/tuote\/lisavalo-jatkettavaan-terassivalosarjaan-607516\/","title":{"rendered":"607516  Lis\u00e4valo jatkettavaan  terassivalosarjaan"},"content":{"rendered":"<p>Lis\u00e4valo jatkettavaan terassivalosarjaan 607513.<\/p>\n<p>Valkoisen valon s\u00e4vy valittavissa l\u00e4mmin valkoinen \/ valkoinen. Johto 75 cm + 75 cm.<\/p>\n<p>IP44 kotelointi.<\/p>\n","protected":false},"excerpt":{"rendered":"<p>Lis\u00e4valo jatkettavaan terassivalosarjaan 607513. Valkoisen valon s\u00e4vy valittavissa l\u00e4mmin valkoinen \/ valkoinen. Johto 75 cm + 75 cm. IP44 kotelointi.<\/p>\n","protected":false},"featured_media":10626,"comment_status":"closed","ping_status":"closed","template":"","meta":[],"product_brand":[],"product_cat":[59,36,34],"product_tag":[],"class_list":{"0":"post-10625","1":"product","2":"type-product","3":"status-publish","4":"has-post-thumbnail","6":"product_cat-terassivalaisimet","7":"product_cat-ulkovalaisimet","8":"product_cat-valaisimet","10":"first","11":"instock","12":"taxable","13":"shipping-taxable","14":"purchasable","15":"product-type-simple"},"_links":{"self":[{"href":"https:\/\/www.ksttukku.fi\/kauppa\/wp-json\/wp\/v2\/product\/10625","targetHints":{"allow":["GET"]}}],"collection":[{"href":"https:\/\/www.ksttukku.fi\/kauppa\/wp-json\/wp\/v2\/product"}],"about":[{"href":"https:\/\/www.ksttukku.fi\/kauppa\/wp-json\/wp\/v2\/types\/product"}],"replies":[{"embeddable":true,"href":"https:\/\/www.ksttukku.fi\/kauppa\/wp-json\/wp\/v2\/comments?post=10625"}],"wp:featuredmedia":[{"embeddable":true,"href":"https:\/\/www.ksttukku.fi\/kauppa\/wp-json\/wp\/v2\/media\/10626"}],"wp:attachment":[{"href":"https:\/\/www.ksttukku.fi\/kauppa\/wp-json\/wp\/v2\/media?parent=10625"}],"wp:term":[{"taxonomy":"product_brand","embeddable":true,"href":"https:\/\/www.ksttukku.fi\/kauppa\/wp-json\/wp\/v2\/product_brand?post=10625"},{"taxonomy":"product_cat","embeddable":true,"href":"https:\/\/www.ksttukku.fi\/kauppa\/wp-json\/wp\/v2\/product_cat?post=10625"},{"taxonomy":"product_tag","embeddable":true,"href":"https:\/\/www.ksttukku.fi\/kauppa\/wp-json\/wp\/v2\/product_tag?post=10625"}],"curies":[{"name":"wp","href":"https:\/\/api.w.org\/{rel}","templated":true}]}}