{"id":10677,"date":"2022-07-23T13:04:52","date_gmt":"2022-07-23T10:04:52","guid":{"rendered":"https:\/\/www.ksttukku.fi\/kauppa\/?post_type=product&#038;p=10677"},"modified":"2022-07-23T13:05:45","modified_gmt":"2022-07-23T10:05:45","slug":"ritos-uppoasennettava-led-valosarja-3x5-w-2806030510","status":"publish","type":"product","link":"https:\/\/www.ksttukku.fi\/kauppa\/tuote\/ritos-uppoasennettava-led-valosarja-3x5-w-2806030510\/","title":{"rendered":"Ritos uppoasennettava  Led-valosarja 3&#215;5 W 2806030510"},"content":{"rendered":"<p>Alumiinirunkoinen uppoasennettava 3-osainen valosarja.<\/p>\n<p>Valaisinteho:\u00a0 726 lm<\/p>\n<p>v\u00e4ril\u00e4mp\u00f6tila: 3000 K<\/p>\n<p>valaisimen halkaisija: 82mm<\/p>\n<p>upotusaukko: 70mm<\/p>\n<p>asennussyvyys: 25mm<\/p>\n<p>&nbsp;<\/p>\n","protected":false},"excerpt":{"rendered":"<p>Alumiinirunkoinen uppoasennettava 3-osainen valosarja. Valaisinteho:\u00a0 726 lm v\u00e4ril\u00e4mp\u00f6tila: 3000 K valaisimen halkaisija: 82mm upotusaukko: 70mm asennussyvyys: 25mm &nbsp;<\/p>\n","protected":false},"featured_media":10679,"comment_status":"closed","ping_status":"closed","template":"","meta":[],"product_brand":[],"product_cat":[35,52,34],"product_tag":[],"class_list":{"0":"post-10677","1":"product","2":"type-product","3":"status-publish","4":"has-post-thumbnail","6":"product_cat-sisavalaisimet","7":"product_cat-upotettavat","8":"product_cat-valaisimet","10":"first","11":"instock","12":"taxable","13":"shipping-taxable","14":"purchasable","15":"product-type-simple"},"_links":{"self":[{"href":"https:\/\/www.ksttukku.fi\/kauppa\/wp-json\/wp\/v2\/product\/10677","targetHints":{"allow":["GET"]}}],"collection":[{"href":"https:\/\/www.ksttukku.fi\/kauppa\/wp-json\/wp\/v2\/product"}],"about":[{"href":"https:\/\/www.ksttukku.fi\/kauppa\/wp-json\/wp\/v2\/types\/product"}],"replies":[{"embeddable":true,"href":"https:\/\/www.ksttukku.fi\/kauppa\/wp-json\/wp\/v2\/comments?post=10677"}],"wp:featuredmedia":[{"embeddable":true,"href":"https:\/\/www.ksttukku.fi\/kauppa\/wp-json\/wp\/v2\/media\/10679"}],"wp:attachment":[{"href":"https:\/\/www.ksttukku.fi\/kauppa\/wp-json\/wp\/v2\/media?parent=10677"}],"wp:term":[{"taxonomy":"product_brand","embeddable":true,"href":"https:\/\/www.ksttukku.fi\/kauppa\/wp-json\/wp\/v2\/product_brand?post=10677"},{"taxonomy":"product_cat","embeddable":true,"href":"https:\/\/www.ksttukku.fi\/kauppa\/wp-json\/wp\/v2\/product_cat?post=10677"},{"taxonomy":"product_tag","embeddable":true,"href":"https:\/\/www.ksttukku.fi\/kauppa\/wp-json\/wp\/v2\/product_tag?post=10677"}],"curies":[{"name":"wp","href":"https:\/\/api.w.org\/{rel}","templated":true}]}}