{"id":10683,"date":"2022-07-23T13:46:36","date_gmt":"2022-07-23T10:46:36","guid":{"rendered":"https:\/\/www.ksttukku.fi\/kauppa\/?post_type=product&#038;p=10683"},"modified":"2022-07-23T13:46:37","modified_gmt":"2022-07-23T10:46:37","slug":"ritos-uppoasennettava-alasvalo-16-w-2806011610","status":"publish","type":"product","link":"https:\/\/www.ksttukku.fi\/kauppa\/tuote\/ritos-uppoasennettava-alasvalo-16-w-2806011610\/","title":{"rendered":"Ritos uppoasennettava alasvalo 16 W 2806011610"},"content":{"rendered":"<p>Alumiinirunkoinen\u00a0 uppoasennettava Led-valaisin 16W<\/p>\n<p>valaisinteho: 1050 lm<\/p>\n<p>v\u00e4ril\u00e4mp\u00f6tila : 3000K<\/p>\n<p>Valaisimen halkaisija 206mm<\/p>\n<p>upotusaukko: 185mm<\/p>\n<p>asennussyvyys: 25mm<\/p>\n<p>&nbsp;<\/p>\n","protected":false},"excerpt":{"rendered":"<p>Alumiinirunkoinen\u00a0 uppoasennettava Led-valaisin 16W valaisinteho: 1050 lm v\u00e4ril\u00e4mp\u00f6tila : 3000K Valaisimen halkaisija 206mm upotusaukko: 185mm asennussyvyys: 25mm &nbsp;<\/p>\n","protected":false},"featured_media":10684,"comment_status":"closed","ping_status":"closed","template":"","meta":[],"product_brand":[],"product_cat":[35,52,34],"product_tag":[],"class_list":{"0":"post-10683","1":"product","2":"type-product","3":"status-publish","4":"has-post-thumbnail","6":"product_cat-sisavalaisimet","7":"product_cat-upotettavat","8":"product_cat-valaisimet","10":"first","11":"instock","12":"taxable","13":"shipping-taxable","14":"purchasable","15":"product-type-simple"},"_links":{"self":[{"href":"https:\/\/www.ksttukku.fi\/kauppa\/wp-json\/wp\/v2\/product\/10683","targetHints":{"allow":["GET"]}}],"collection":[{"href":"https:\/\/www.ksttukku.fi\/kauppa\/wp-json\/wp\/v2\/product"}],"about":[{"href":"https:\/\/www.ksttukku.fi\/kauppa\/wp-json\/wp\/v2\/types\/product"}],"replies":[{"embeddable":true,"href":"https:\/\/www.ksttukku.fi\/kauppa\/wp-json\/wp\/v2\/comments?post=10683"}],"wp:featuredmedia":[{"embeddable":true,"href":"https:\/\/www.ksttukku.fi\/kauppa\/wp-json\/wp\/v2\/media\/10684"}],"wp:attachment":[{"href":"https:\/\/www.ksttukku.fi\/kauppa\/wp-json\/wp\/v2\/media?parent=10683"}],"wp:term":[{"taxonomy":"product_brand","embeddable":true,"href":"https:\/\/www.ksttukku.fi\/kauppa\/wp-json\/wp\/v2\/product_brand?post=10683"},{"taxonomy":"product_cat","embeddable":true,"href":"https:\/\/www.ksttukku.fi\/kauppa\/wp-json\/wp\/v2\/product_cat?post=10683"},{"taxonomy":"product_tag","embeddable":true,"href":"https:\/\/www.ksttukku.fi\/kauppa\/wp-json\/wp\/v2\/product_tag?post=10683"}],"curies":[{"name":"wp","href":"https:\/\/api.w.org\/{rel}","templated":true}]}}