{"id":10686,"date":"2022-07-23T14:31:55","date_gmt":"2022-07-23T11:31:55","guid":{"rendered":"https:\/\/www.ksttukku.fi\/kauppa\/?post_type=product&#038;p=10686"},"modified":"2022-07-23T14:32:51","modified_gmt":"2022-07-23T11:32:51","slug":"ritos-3x-17-w-2404031790","status":"publish","type":"product","link":"https:\/\/www.ksttukku.fi\/kauppa\/tuote\/ritos-3x-17-w-2404031790\/","title":{"rendered":"Ritos  Kiskovalaisin   3x 1,7 W  2404031790"},"content":{"rendered":"<p>Valaisin soveltuu asennettavaksi\u00a0 kattoon,sein\u00e4\u00e4n, yms<\/p>\n<p>Valodiorisensorilla toimiva valaisin.<\/p>\n<p>alumiinirunkoinen 3 osaisella\u00a0 siirrett\u00e4vill\u00e4\u00a0 valoilla<\/p>\n<p>sis\u00e4lt\u00e4\u00e4 : virtajohdon,liit\u00e4nt\u00e4johdon<\/p>\n<p>pituus: 900mm<\/p>\n<p>leveys : 60mm<\/p>\n<p>&nbsp;<\/p>\n<p>&nbsp;<\/p>\n","protected":false},"excerpt":{"rendered":"<p>Valaisin soveltuu asennettavaksi\u00a0 kattoon,sein\u00e4\u00e4n, yms Valodiorisensorilla toimiva valaisin. alumiinirunkoinen 3 osaisella\u00a0 siirrett\u00e4vill\u00e4\u00a0 valoilla sis\u00e4lt\u00e4\u00e4 : virtajohdon,liit\u00e4nt\u00e4johdon pituus: 900mm leveys : 60mm &nbsp; &nbsp;<\/p>\n","protected":false},"featured_media":10689,"comment_status":"closed","ping_status":"closed","template":"","meta":[],"product_brand":[],"product_cat":[40,51,42,35,34],"product_tag":[],"class_list":{"0":"post-10686","1":"product","2":"type-product","3":"status-publish","4":"has-post-thumbnail","6":"product_cat-kattovalaisimet","7":"product_cat-pinta-asennettavat","8":"product_cat-seinavalaisimet-sisavalaisimet","9":"product_cat-sisavalaisimet","10":"product_cat-valaisimet","12":"first","13":"instock","14":"taxable","15":"shipping-taxable","16":"purchasable","17":"product-type-simple"},"_links":{"self":[{"href":"https:\/\/www.ksttukku.fi\/kauppa\/wp-json\/wp\/v2\/product\/10686","targetHints":{"allow":["GET"]}}],"collection":[{"href":"https:\/\/www.ksttukku.fi\/kauppa\/wp-json\/wp\/v2\/product"}],"about":[{"href":"https:\/\/www.ksttukku.fi\/kauppa\/wp-json\/wp\/v2\/types\/product"}],"replies":[{"embeddable":true,"href":"https:\/\/www.ksttukku.fi\/kauppa\/wp-json\/wp\/v2\/comments?post=10686"}],"wp:featuredmedia":[{"embeddable":true,"href":"https:\/\/www.ksttukku.fi\/kauppa\/wp-json\/wp\/v2\/media\/10689"}],"wp:attachment":[{"href":"https:\/\/www.ksttukku.fi\/kauppa\/wp-json\/wp\/v2\/media?parent=10686"}],"wp:term":[{"taxonomy":"product_brand","embeddable":true,"href":"https:\/\/www.ksttukku.fi\/kauppa\/wp-json\/wp\/v2\/product_brand?post=10686"},{"taxonomy":"product_cat","embeddable":true,"href":"https:\/\/www.ksttukku.fi\/kauppa\/wp-json\/wp\/v2\/product_cat?post=10686"},{"taxonomy":"product_tag","embeddable":true,"href":"https:\/\/www.ksttukku.fi\/kauppa\/wp-json\/wp\/v2\/product_tag?post=10686"}],"curies":[{"name":"wp","href":"https:\/\/api.w.org\/{rel}","templated":true}]}}