{"id":10714,"date":"2022-07-27T18:25:13","date_gmt":"2022-07-27T15:25:13","guid":{"rendered":"https:\/\/www.ksttukku.fi\/kauppa\/?post_type=product&#038;p=10714"},"modified":"2022-07-27T18:25:14","modified_gmt":"2022-07-27T15:25:14","slug":"cob-led-valonauhasarja-2m-10w-m-800lm-m-4000k","status":"publish","type":"product","link":"https:\/\/www.ksttukku.fi\/kauppa\/tuote\/cob-led-valonauhasarja-2m-10w-m-800lm-m-4000k\/","title":{"rendered":"COB led-valonauhasarja 2m, 10W\/m. 800lm\/m, 4000K"},"content":{"rendered":"<p>J\u00e4nnite: 24 VDC<\/p>\n<p>Pituus: 2 m<\/p>\n<p>Teho: 10W \/ m, kokonaisteho 20W<\/p>\n<p>Valovirta: 800 lm \/ m 80 lm \/ W<\/p>\n<p>V\u00e4ril\u00e4mp\u00f6tila: 4000 K<\/p>\n<p>V\u00e4rintoistoindeksi: Ra&gt;90<\/p>\n<p>IP-luokka: IP20<\/p>\n<p>Adapterissa 1,5 metrin johto DC-liittimell\u00e4<\/p>\n<p>LED-valonauhassa DC-liitin<\/p>\n","protected":false},"excerpt":{"rendered":"<p>J\u00e4nnite: 24 VDC Pituus: 2 m Teho: 10W \/ m, kokonaisteho 20W Valovirta: 800 lm \/ m 80 lm \/ W V\u00e4ril\u00e4mp\u00f6tila: 4000 K V\u00e4rintoistoindeksi: Ra&gt;90 IP-luokka: IP20 Adapterissa 1,5 metrin johto DC-liittimell\u00e4 LED-valonauhassa DC-liitin<\/p>\n","protected":false},"featured_media":10715,"comment_status":"closed","ping_status":"closed","template":"","meta":[],"product_brand":[],"product_cat":[45],"product_tag":[],"class_list":{"0":"post-10714","1":"product","2":"type-product","3":"status-publish","4":"has-post-thumbnail","6":"product_cat-valonauhat","8":"first","9":"instock","10":"taxable","11":"shipping-taxable","12":"purchasable","13":"product-type-simple"},"_links":{"self":[{"href":"https:\/\/www.ksttukku.fi\/kauppa\/wp-json\/wp\/v2\/product\/10714","targetHints":{"allow":["GET"]}}],"collection":[{"href":"https:\/\/www.ksttukku.fi\/kauppa\/wp-json\/wp\/v2\/product"}],"about":[{"href":"https:\/\/www.ksttukku.fi\/kauppa\/wp-json\/wp\/v2\/types\/product"}],"replies":[{"embeddable":true,"href":"https:\/\/www.ksttukku.fi\/kauppa\/wp-json\/wp\/v2\/comments?post=10714"}],"wp:featuredmedia":[{"embeddable":true,"href":"https:\/\/www.ksttukku.fi\/kauppa\/wp-json\/wp\/v2\/media\/10715"}],"wp:attachment":[{"href":"https:\/\/www.ksttukku.fi\/kauppa\/wp-json\/wp\/v2\/media?parent=10714"}],"wp:term":[{"taxonomy":"product_brand","embeddable":true,"href":"https:\/\/www.ksttukku.fi\/kauppa\/wp-json\/wp\/v2\/product_brand?post=10714"},{"taxonomy":"product_cat","embeddable":true,"href":"https:\/\/www.ksttukku.fi\/kauppa\/wp-json\/wp\/v2\/product_cat?post=10714"},{"taxonomy":"product_tag","embeddable":true,"href":"https:\/\/www.ksttukku.fi\/kauppa\/wp-json\/wp\/v2\/product_tag?post=10714"}],"curies":[{"name":"wp","href":"https:\/\/api.w.org\/{rel}","templated":true}]}}