{"id":10750,"date":"2022-08-01T18:22:05","date_gmt":"2022-08-01T15:22:05","guid":{"rendered":"https:\/\/www.ksttukku.fi\/kauppa\/?post_type=product&#038;p=10750"},"modified":"2022-08-01T19:37:15","modified_gmt":"2022-08-01T16:37:15","slug":"2-os-puutarhaspottivalaisin","status":"publish","type":"product","link":"https:\/\/www.ksttukku.fi\/kauppa\/tuote\/2-os-puutarhaspottivalaisin\/","title":{"rendered":"2-os puutarhaspottivalaisin"},"content":{"rendered":"<p>Suunnattava 2-os kohdespotti maapiikill\u00e4, jolla voit korostaa puutarhasi yksityiskohtia.<\/p>\n<p>Valonl\u00e4hde: E27 PAR38 (ei sis\u00e4lly pakkaukseen)<\/p>\n<p>Mitat: 270.0 mm x 220.0 mm x 75.0 mm<\/p>\n<div class=\"product-details\">\n<div><\/div>\n<\/div>\n<div class=\"cart product-cart\"><\/div>\n","protected":false},"excerpt":{"rendered":"<p>Suunnattava 2-os kohdespotti maapiikill\u00e4, jolla voit korostaa puutarhasi yksityiskohtia. Valonl\u00e4hde: E27 PAR38 (ei sis\u00e4lly pakkaukseen) Mitat: 270.0 mm x 220.0 mm x 75.0 mm<\/p>\n","protected":false},"featured_media":10751,"comment_status":"closed","ping_status":"closed","template":"","meta":[],"product_brand":[],"product_cat":[362,36],"product_tag":[],"class_list":{"0":"post-10750","1":"product","2":"type-product","3":"status-publish","4":"has-post-thumbnail","6":"product_cat-puutarhavalaisimet","7":"product_cat-ulkovalaisimet","9":"first","10":"instock","11":"taxable","12":"shipping-taxable","13":"purchasable","14":"product-type-simple"},"_links":{"self":[{"href":"https:\/\/www.ksttukku.fi\/kauppa\/wp-json\/wp\/v2\/product\/10750","targetHints":{"allow":["GET"]}}],"collection":[{"href":"https:\/\/www.ksttukku.fi\/kauppa\/wp-json\/wp\/v2\/product"}],"about":[{"href":"https:\/\/www.ksttukku.fi\/kauppa\/wp-json\/wp\/v2\/types\/product"}],"replies":[{"embeddable":true,"href":"https:\/\/www.ksttukku.fi\/kauppa\/wp-json\/wp\/v2\/comments?post=10750"}],"wp:featuredmedia":[{"embeddable":true,"href":"https:\/\/www.ksttukku.fi\/kauppa\/wp-json\/wp\/v2\/media\/10751"}],"wp:attachment":[{"href":"https:\/\/www.ksttukku.fi\/kauppa\/wp-json\/wp\/v2\/media?parent=10750"}],"wp:term":[{"taxonomy":"product_brand","embeddable":true,"href":"https:\/\/www.ksttukku.fi\/kauppa\/wp-json\/wp\/v2\/product_brand?post=10750"},{"taxonomy":"product_cat","embeddable":true,"href":"https:\/\/www.ksttukku.fi\/kauppa\/wp-json\/wp\/v2\/product_cat?post=10750"},{"taxonomy":"product_tag","embeddable":true,"href":"https:\/\/www.ksttukku.fi\/kauppa\/wp-json\/wp\/v2\/product_tag?post=10750"}],"curies":[{"name":"wp","href":"https:\/\/api.w.org\/{rel}","templated":true}]}}