{"id":10759,"date":"2022-08-02T11:37:11","date_gmt":"2022-08-02T08:37:11","guid":{"rendered":"https:\/\/www.ksttukku.fi\/kauppa\/?post_type=product&#038;p=10759"},"modified":"2022-08-02T11:37:13","modified_gmt":"2022-08-02T08:37:13","slug":"flamme-float-led-kynttila-175-cm","status":"publish","type":"product","link":"https:\/\/www.ksttukku.fi\/kauppa\/tuote\/flamme-float-led-kynttila-175-cm\/","title":{"rendered":"Flamme Float LED-kynttil\u00e4 17,5 cm"},"content":{"rendered":"<p>\u00d6ljykynttil\u00e4\u00e4 muistuttava lasilyhty, jossa sis\u00e4ll\u00e4 l\u00e4pin\u00e4kyv\u00e4 vaha.<br \/>\nAidonn\u00e4k\u00f6inen LED-liekki l\u00e4mpim\u00e4n valkoisella valolla.<br \/>\nSis\u00e4k\u00e4ytt\u00f6\u00f6n.<br \/>\nIP20. Kiinte\u00e4 LED 0,03W, 10 mA, 3V.<br \/>\nToimii 3 x AAA-paristoilla, jotka eiv\u00e4t sis\u00e4lly pakkaukseen.<br \/>\nAjastin 6 h p\u00e4\u00e4ll\u00e4, 18 h pois, toistuva.<\/p>\n<p>Korkeus: 17,5 cm<br \/>\nHalkaisija: 8 cm<\/p>\n","protected":false},"excerpt":{"rendered":"<p>\u00d6ljykynttil\u00e4\u00e4 muistuttava lasilyhty, jossa sis\u00e4ll\u00e4 l\u00e4pin\u00e4kyv\u00e4 vaha. Aidonn\u00e4k\u00f6inen LED-liekki l\u00e4mpim\u00e4n valkoisella valolla. Sis\u00e4k\u00e4ytt\u00f6\u00f6n. IP20. Kiinte\u00e4 LED 0,03W, 10 mA, 3V. Toimii 3 x AAA-paristoilla, jotka eiv\u00e4t sis\u00e4lly pakkaukseen. Ajastin 6 h p\u00e4\u00e4ll\u00e4, 18 h pois, toistuva. Korkeus: 17,5 cm Halkaisija: 8 cm<\/p>\n","protected":false},"featured_media":10760,"comment_status":"closed","ping_status":"closed","template":"","meta":[],"product_brand":[],"product_cat":[484,377],"product_tag":[],"class_list":{"0":"post-10759","1":"product","2":"type-product","3":"status-publish","4":"has-post-thumbnail","6":"product_cat-lyhdyt","7":"product_cat-sisustus-lahjatavarat","9":"first","10":"instock","11":"taxable","12":"shipping-taxable","13":"purchasable","14":"product-type-simple"},"_links":{"self":[{"href":"https:\/\/www.ksttukku.fi\/kauppa\/wp-json\/wp\/v2\/product\/10759","targetHints":{"allow":["GET"]}}],"collection":[{"href":"https:\/\/www.ksttukku.fi\/kauppa\/wp-json\/wp\/v2\/product"}],"about":[{"href":"https:\/\/www.ksttukku.fi\/kauppa\/wp-json\/wp\/v2\/types\/product"}],"replies":[{"embeddable":true,"href":"https:\/\/www.ksttukku.fi\/kauppa\/wp-json\/wp\/v2\/comments?post=10759"}],"wp:featuredmedia":[{"embeddable":true,"href":"https:\/\/www.ksttukku.fi\/kauppa\/wp-json\/wp\/v2\/media\/10760"}],"wp:attachment":[{"href":"https:\/\/www.ksttukku.fi\/kauppa\/wp-json\/wp\/v2\/media?parent=10759"}],"wp:term":[{"taxonomy":"product_brand","embeddable":true,"href":"https:\/\/www.ksttukku.fi\/kauppa\/wp-json\/wp\/v2\/product_brand?post=10759"},{"taxonomy":"product_cat","embeddable":true,"href":"https:\/\/www.ksttukku.fi\/kauppa\/wp-json\/wp\/v2\/product_cat?post=10759"},{"taxonomy":"product_tag","embeddable":true,"href":"https:\/\/www.ksttukku.fi\/kauppa\/wp-json\/wp\/v2\/product_tag?post=10759"}],"curies":[{"name":"wp","href":"https:\/\/api.w.org\/{rel}","templated":true}]}}