{"id":10766,"date":"2022-08-02T12:23:34","date_gmt":"2022-08-02T09:23:34","guid":{"rendered":"https:\/\/www.ksttukku.fi\/kauppa\/?post_type=product&#038;p=10766"},"modified":"2024-10-14T15:08:59","modified_gmt":"2024-10-14T12:08:59","slug":"flamme-lyhty-valkoinen-sr-062-78","status":"publish","type":"product","link":"https:\/\/www.ksttukku.fi\/kauppa\/tuote\/flamme-lyhty-valkoinen-sr-062-78\/","title":{"rendered":"Flamme lyhty valkoinen SR-062-78"},"content":{"rendered":"<p>Valkoinen muovilyhty, sis\u00e4ll\u00e4 Flamme-vahakynttil\u00e4 LED-liekill\u00e4. Sis\u00e4- ja ulkok\u00e4ytt\u00f6\u00f6n.<br \/>\nIP20. Kiinte\u00e4 LED 0,03W, 10 mA, 3V. Paloaika n. 10 000 h.<br \/>\nToimii kolmella AAA-paristolla, jotka eiv\u00e4t sis\u00e4lly pakkaukseen.<br \/>\nAjastin 6 h p\u00e4\u00e4ll\u00e4, 18 h pois, toistuva.<br \/>\n4,5V DC.<\/p>\n","protected":false},"excerpt":{"rendered":"<p>Valkoinen muovilyhty, sis\u00e4ll\u00e4 Flamme-vahakynttil\u00e4 LED-liekill\u00e4. Sis\u00e4- ja ulkok\u00e4ytt\u00f6\u00f6n. IP20. Kiinte\u00e4 LED 0,03W, 10 mA, 3V. Paloaika n. 10 000 h. Toimii kolmella AAA-paristolla, jotka eiv\u00e4t sis\u00e4lly pakkaukseen. Ajastin 6 h p\u00e4\u00e4ll\u00e4, 18 h pois, toistuva. 4,5V DC.<\/p>\n","protected":false},"featured_media":13974,"comment_status":"closed","ping_status":"closed","template":"","meta":[],"product_brand":[],"product_cat":[491,484,377],"product_tag":[],"class_list":{"0":"post-10766","1":"product","2":"type-product","3":"status-publish","4":"has-post-thumbnail","6":"product_cat-kodin-sisustustuotteet","7":"product_cat-lyhdyt","8":"product_cat-sisustus-lahjatavarat","10":"first","11":"outofstock","12":"taxable","13":"shipping-taxable","14":"purchasable","15":"product-type-simple"},"_links":{"self":[{"href":"https:\/\/www.ksttukku.fi\/kauppa\/wp-json\/wp\/v2\/product\/10766","targetHints":{"allow":["GET"]}}],"collection":[{"href":"https:\/\/www.ksttukku.fi\/kauppa\/wp-json\/wp\/v2\/product"}],"about":[{"href":"https:\/\/www.ksttukku.fi\/kauppa\/wp-json\/wp\/v2\/types\/product"}],"replies":[{"embeddable":true,"href":"https:\/\/www.ksttukku.fi\/kauppa\/wp-json\/wp\/v2\/comments?post=10766"}],"wp:featuredmedia":[{"embeddable":true,"href":"https:\/\/www.ksttukku.fi\/kauppa\/wp-json\/wp\/v2\/media\/13974"}],"wp:attachment":[{"href":"https:\/\/www.ksttukku.fi\/kauppa\/wp-json\/wp\/v2\/media?parent=10766"}],"wp:term":[{"taxonomy":"product_brand","embeddable":true,"href":"https:\/\/www.ksttukku.fi\/kauppa\/wp-json\/wp\/v2\/product_brand?post=10766"},{"taxonomy":"product_cat","embeddable":true,"href":"https:\/\/www.ksttukku.fi\/kauppa\/wp-json\/wp\/v2\/product_cat?post=10766"},{"taxonomy":"product_tag","embeddable":true,"href":"https:\/\/www.ksttukku.fi\/kauppa\/wp-json\/wp\/v2\/product_tag?post=10766"}],"curies":[{"name":"wp","href":"https:\/\/api.w.org\/{rel}","templated":true}]}}