{"id":10774,"date":"2022-08-02T14:57:38","date_gmt":"2022-08-02T11:57:38","guid":{"rendered":"https:\/\/www.ksttukku.fi\/kauppa\/?post_type=product&#038;p=10774"},"modified":"2023-08-15T17:14:40","modified_gmt":"2023-08-15T14:14:40","slug":"solar-spotlight-valla-pir-481-14","status":"publish","type":"product","link":"https:\/\/www.ksttukku.fi\/kauppa\/tuote\/solar-spotlight-valla-pir-481-14\/","title":{"rendered":"Solar Spotlight Valla PIR  481-14"},"content":{"rendered":"<p>Aurinkokennovalaisin ulkotiloihin. Valonv\u00e4ri: valkoinen.<br \/>\n2 paristoa sis\u00e4ltyy: 18650 Li-Ion ladattava. Kesto n 5 h<br \/>\nV\u00e4ri: musta.<br \/>\n7.4V. 0.02W. 32 x LED<br \/>\nMitat: 20cm x 12 cm x 9 cm.<\/p>\n","protected":false},"excerpt":{"rendered":"<p>Aurinkokennovalaisin ulkotiloihin. Valonv\u00e4ri: valkoinen. 2 paristoa sis\u00e4ltyy: 18650 Li-Ion ladattava. Kesto n 5 h V\u00e4ri: musta. 7.4V. 0.02W. 32 x LED Mitat: 20cm x 12 cm x 9 cm.<\/p>\n","protected":false},"featured_media":10775,"comment_status":"closed","ping_status":"closed","template":"","meta":[],"product_brand":[],"product_cat":[306,362,34],"product_tag":[],"class_list":{"0":"post-10774","1":"product","2":"type-product","3":"status-publish","4":"has-post-thumbnail","6":"product_cat-aurinkokennovalaisimet","7":"product_cat-puutarhavalaisimet","8":"product_cat-valaisimet","10":"first","11":"outofstock","12":"taxable","13":"shipping-taxable","14":"purchasable","15":"product-type-simple"},"_links":{"self":[{"href":"https:\/\/www.ksttukku.fi\/kauppa\/wp-json\/wp\/v2\/product\/10774","targetHints":{"allow":["GET"]}}],"collection":[{"href":"https:\/\/www.ksttukku.fi\/kauppa\/wp-json\/wp\/v2\/product"}],"about":[{"href":"https:\/\/www.ksttukku.fi\/kauppa\/wp-json\/wp\/v2\/types\/product"}],"replies":[{"embeddable":true,"href":"https:\/\/www.ksttukku.fi\/kauppa\/wp-json\/wp\/v2\/comments?post=10774"}],"wp:featuredmedia":[{"embeddable":true,"href":"https:\/\/www.ksttukku.fi\/kauppa\/wp-json\/wp\/v2\/media\/10775"}],"wp:attachment":[{"href":"https:\/\/www.ksttukku.fi\/kauppa\/wp-json\/wp\/v2\/media?parent=10774"}],"wp:term":[{"taxonomy":"product_brand","embeddable":true,"href":"https:\/\/www.ksttukku.fi\/kauppa\/wp-json\/wp\/v2\/product_brand?post=10774"},{"taxonomy":"product_cat","embeddable":true,"href":"https:\/\/www.ksttukku.fi\/kauppa\/wp-json\/wp\/v2\/product_cat?post=10774"},{"taxonomy":"product_tag","embeddable":true,"href":"https:\/\/www.ksttukku.fi\/kauppa\/wp-json\/wp\/v2\/product_tag?post=10774"}],"curies":[{"name":"wp","href":"https:\/\/api.w.org\/{rel}","templated":true}]}}