{"id":10804,"date":"2022-08-06T10:24:10","date_gmt":"2022-08-06T07:24:10","guid":{"rendered":"https:\/\/www.ksttukku.fi\/kauppa\/?post_type=product&#038;p=10804"},"modified":"2022-08-06T10:24:12","modified_gmt":"2022-08-06T07:24:12","slug":"vide-lampunvarjostin-25-cm-musta-092-12","status":"publish","type":"product","link":"https:\/\/www.ksttukku.fi\/kauppa\/tuote\/vide-lampunvarjostin-25-cm-musta-092-12\/","title":{"rendered":"Vide lampunvarjostin 25 cm musta 092-12"},"content":{"rendered":"<p>Musta ulkok\u00e4ytt\u00f6\u00f6n sopiva varjostin polyrottinkia.<\/p>\n<p>E27-rengaskiinnitys.<\/p>\n<p>Ei sis\u00e4ll\u00e4 valaisinjohtoa.<\/p>\n<p>halkaisija 25 cm<\/p>\n<p>korkeus\u00a0 9 cm<\/p>\n","protected":false},"excerpt":{"rendered":"<p>Musta ulkok\u00e4ytt\u00f6\u00f6n sopiva varjostin polyrottinkia. E27-rengaskiinnitys. Ei sis\u00e4ll\u00e4 valaisinjohtoa. halkaisija 25 cm korkeus\u00a0 9 cm<\/p>\n","protected":false},"featured_media":10805,"comment_status":"closed","ping_status":"closed","template":"","meta":[],"product_brand":[],"product_cat":[59,36,34],"product_tag":[],"class_list":{"0":"post-10804","1":"product","2":"type-product","3":"status-publish","4":"has-post-thumbnail","6":"product_cat-terassivalaisimet","7":"product_cat-ulkovalaisimet","8":"product_cat-valaisimet","10":"first","11":"instock","12":"taxable","13":"shipping-taxable","14":"purchasable","15":"product-type-simple"},"_links":{"self":[{"href":"https:\/\/www.ksttukku.fi\/kauppa\/wp-json\/wp\/v2\/product\/10804","targetHints":{"allow":["GET"]}}],"collection":[{"href":"https:\/\/www.ksttukku.fi\/kauppa\/wp-json\/wp\/v2\/product"}],"about":[{"href":"https:\/\/www.ksttukku.fi\/kauppa\/wp-json\/wp\/v2\/types\/product"}],"replies":[{"embeddable":true,"href":"https:\/\/www.ksttukku.fi\/kauppa\/wp-json\/wp\/v2\/comments?post=10804"}],"wp:featuredmedia":[{"embeddable":true,"href":"https:\/\/www.ksttukku.fi\/kauppa\/wp-json\/wp\/v2\/media\/10805"}],"wp:attachment":[{"href":"https:\/\/www.ksttukku.fi\/kauppa\/wp-json\/wp\/v2\/media?parent=10804"}],"wp:term":[{"taxonomy":"product_brand","embeddable":true,"href":"https:\/\/www.ksttukku.fi\/kauppa\/wp-json\/wp\/v2\/product_brand?post=10804"},{"taxonomy":"product_cat","embeddable":true,"href":"https:\/\/www.ksttukku.fi\/kauppa\/wp-json\/wp\/v2\/product_cat?post=10804"},{"taxonomy":"product_tag","embeddable":true,"href":"https:\/\/www.ksttukku.fi\/kauppa\/wp-json\/wp\/v2\/product_tag?post=10804"}],"curies":[{"name":"wp","href":"https:\/\/api.w.org\/{rel}","templated":true}]}}