{"id":10820,"date":"2022-08-08T11:26:10","date_gmt":"2022-08-08T08:26:10","guid":{"rendered":"https:\/\/www.ksttukku.fi\/kauppa\/?post_type=product&#038;p=10820"},"modified":"2022-08-08T11:26:11","modified_gmt":"2022-08-08T08:26:11","slug":"multimate-all-in-one-1785","status":"publish","type":"product","link":"https:\/\/www.ksttukku.fi\/kauppa\/tuote\/multimate-all-in-one-1785\/","title":{"rendered":"Multimate  All in One 1785"},"content":{"rendered":"<p>Tabletti on jaettu kolmeen kerrokseen: pinkki, sininen ja valkoinen<\/p>\n<p>Tabletin vaaleanpunainen osa koostuu nopeasti liukenevasta kloorista, joka sokkidesinfioi allasveden ja tarjoaa perusteellisen desinfioinnin aina, kun uusi tabletti lis\u00e4t\u00e4\u00e4n.<\/p>\n<p>Valkoinen osa sis\u00e4lt\u00e4\u00e4 hitaasti liukenevaa klooria, joka sis\u00e4lt\u00e4\u00e4 saostusainetta hiukkasten ajamiseksi suodattimeen,<\/p>\n<p>pH-stabiloijaa happamuusarvon vakauttamiseksi ja nestem\u00e4ist\u00e4 kovuudens\u00e4\u00e4t\u00e4j\u00e4\u00e4, joka sitoo vett\u00e4 v\u00e4rj\u00e4\u00e4vi\u00e4 metalli-ioneita.<\/p>\n<p>Tabletin sininen osa est\u00e4\u00e4 tehokkaasti liukkaiden ja limaisten pinnoitteiden muodostumista altaan sein\u00e4miin, pohjaan ja laitteisiin.<\/p>\n","protected":false},"excerpt":{"rendered":"<p>Tabletti on jaettu kolmeen kerrokseen: pinkki, sininen ja valkoinen Tabletin vaaleanpunainen osa koostuu nopeasti liukenevasta kloorista, joka sokkidesinfioi allasveden ja tarjoaa perusteellisen desinfioinnin aina, kun uusi tabletti lis\u00e4t\u00e4\u00e4n. Valkoinen osa sis\u00e4lt\u00e4\u00e4 hitaasti liukenevaa klooria, joka sis\u00e4lt\u00e4\u00e4 saostusainetta hiukkasten ajamiseksi suodattimeen, pH-stabiloijaa happamuusarvon vakauttamiseksi ja nestem\u00e4ist\u00e4 kovuudens\u00e4\u00e4t\u00e4j\u00e4\u00e4, joka sitoo vett\u00e4 v\u00e4rj\u00e4\u00e4vi\u00e4 metalli-ioneita. Tabletin sininen osa est\u00e4\u00e4 [&hellip;]<\/p>\n","protected":false},"featured_media":10821,"comment_status":"closed","ping_status":"closed","template":"","meta":[],"product_brand":[],"product_cat":[206],"product_tag":[],"class_list":{"0":"post-10820","1":"product","2":"type-product","3":"status-publish","4":"has-post-thumbnail","6":"product_cat-sup-laudat","8":"first","9":"instock","10":"taxable","11":"shipping-taxable","12":"purchasable","13":"product-type-simple"},"_links":{"self":[{"href":"https:\/\/www.ksttukku.fi\/kauppa\/wp-json\/wp\/v2\/product\/10820","targetHints":{"allow":["GET"]}}],"collection":[{"href":"https:\/\/www.ksttukku.fi\/kauppa\/wp-json\/wp\/v2\/product"}],"about":[{"href":"https:\/\/www.ksttukku.fi\/kauppa\/wp-json\/wp\/v2\/types\/product"}],"replies":[{"embeddable":true,"href":"https:\/\/www.ksttukku.fi\/kauppa\/wp-json\/wp\/v2\/comments?post=10820"}],"wp:featuredmedia":[{"embeddable":true,"href":"https:\/\/www.ksttukku.fi\/kauppa\/wp-json\/wp\/v2\/media\/10821"}],"wp:attachment":[{"href":"https:\/\/www.ksttukku.fi\/kauppa\/wp-json\/wp\/v2\/media?parent=10820"}],"wp:term":[{"taxonomy":"product_brand","embeddable":true,"href":"https:\/\/www.ksttukku.fi\/kauppa\/wp-json\/wp\/v2\/product_brand?post=10820"},{"taxonomy":"product_cat","embeddable":true,"href":"https:\/\/www.ksttukku.fi\/kauppa\/wp-json\/wp\/v2\/product_cat?post=10820"},{"taxonomy":"product_tag","embeddable":true,"href":"https:\/\/www.ksttukku.fi\/kauppa\/wp-json\/wp\/v2\/product_tag?post=10820"}],"curies":[{"name":"wp","href":"https:\/\/api.w.org\/{rel}","templated":true}]}}