{"id":10846,"date":"2022-08-15T18:08:16","date_gmt":"2022-08-15T15:08:16","guid":{"rendered":"https:\/\/www.ksttukku.fi\/kauppa\/?post_type=product&#038;p=10846"},"modified":"2026-03-16T14:45:30","modified_gmt":"2026-03-16T12:45:30","slug":"asker-seinavalaisin-musta-ip44","status":"publish","type":"product","link":"https:\/\/www.ksttukku.fi\/kauppa\/tuote\/asker-seinavalaisin-musta-ip44\/","title":{"rendered":"Asker sein\u00e4valaisin musta IP44"},"content":{"rendered":"<p>Tyylik\u00e4s, kahteen suuntaan valaiseva sein\u00e4valo sis\u00e4- ja ulkok\u00e4ytt\u00f6\u00f6n. 2 x GU10 Max. 18W (ei sis.). K\u00e4ytt\u00f6 ulkona esim. julkisivujen ja terassien valaisuun. Valaisimet soveltuvat my\u00f6s sis\u00e4k\u00e4ytt\u00f6\u00f6n esim. kylpyhuoneessa.<\/p>\n<p>Valaisimen mitat: 6,2 x 9,5 x 17 (cm)<\/p>\n<p>IP-luokitus: IP44<\/p>\n<p>Kanta: 2 x GU10<\/p>\n<p>V\u00e4ri: musta<\/p>\n","protected":false},"excerpt":{"rendered":"<p>Tyylik\u00e4s, kahteen suuntaan valaiseva sein\u00e4valo sis\u00e4- ja ulkok\u00e4ytt\u00f6\u00f6n. 2 x GU10 Max. 18W (ei sis.). K\u00e4ytt\u00f6 ulkona esim. julkisivujen ja terassien valaisuun. Valaisimet soveltuvat my\u00f6s sis\u00e4k\u00e4ytt\u00f6\u00f6n esim. kylpyhuoneessa. Valaisimen mitat: 6,2 x 9,5 x 17 (cm) IP-luokitus: IP44 Kanta: 2 x GU10 V\u00e4ri: musta<\/p>\n","protected":false},"featured_media":10847,"comment_status":"closed","ping_status":"closed","template":"","meta":[],"product_brand":[],"product_cat":[37,36],"product_tag":[],"class_list":{"0":"post-10846","1":"product","2":"type-product","3":"status-publish","4":"has-post-thumbnail","6":"product_cat-seinavalaisimet","7":"product_cat-ulkovalaisimet","9":"first","10":"instock","11":"taxable","12":"shipping-taxable","13":"purchasable","14":"product-type-simple"},"_links":{"self":[{"href":"https:\/\/www.ksttukku.fi\/kauppa\/wp-json\/wp\/v2\/product\/10846","targetHints":{"allow":["GET"]}}],"collection":[{"href":"https:\/\/www.ksttukku.fi\/kauppa\/wp-json\/wp\/v2\/product"}],"about":[{"href":"https:\/\/www.ksttukku.fi\/kauppa\/wp-json\/wp\/v2\/types\/product"}],"replies":[{"embeddable":true,"href":"https:\/\/www.ksttukku.fi\/kauppa\/wp-json\/wp\/v2\/comments?post=10846"}],"wp:featuredmedia":[{"embeddable":true,"href":"https:\/\/www.ksttukku.fi\/kauppa\/wp-json\/wp\/v2\/media\/10847"}],"wp:attachment":[{"href":"https:\/\/www.ksttukku.fi\/kauppa\/wp-json\/wp\/v2\/media?parent=10846"}],"wp:term":[{"taxonomy":"product_brand","embeddable":true,"href":"https:\/\/www.ksttukku.fi\/kauppa\/wp-json\/wp\/v2\/product_brand?post=10846"},{"taxonomy":"product_cat","embeddable":true,"href":"https:\/\/www.ksttukku.fi\/kauppa\/wp-json\/wp\/v2\/product_cat?post=10846"},{"taxonomy":"product_tag","embeddable":true,"href":"https:\/\/www.ksttukku.fi\/kauppa\/wp-json\/wp\/v2\/product_tag?post=10846"}],"curies":[{"name":"wp","href":"https:\/\/api.w.org\/{rel}","templated":true}]}}