{"id":10870,"date":"2022-08-17T17:41:57","date_gmt":"2022-08-17T14:41:57","guid":{"rendered":"https:\/\/www.ksttukku.fi\/kauppa\/?post_type=product&#038;p=10870"},"modified":"2022-08-17T17:41:58","modified_gmt":"2022-08-17T14:41:58","slug":"cuba-seinaspotti-valkoinen","status":"publish","type":"product","link":"https:\/\/www.ksttukku.fi\/kauppa\/tuote\/cuba-seinaspotti-valkoinen\/","title":{"rendered":"Cuba sein\u00e4spotti valkoinen"},"content":{"rendered":"<p>Cuba on nykyaikainen sein\u00e4valaisin vapaasti suunnattavalla valonl\u00e4hteell\u00e4. Himmennin tuo k\u00e4ytt\u00f6mukavuutta. Sopii erinomaisesti lukuvaloksi esimerkiksi s\u00e4ngyn tai nojatuolin viereen. 2,2\u00a0 m johto Euro-pistotulpalla<\/p>\n<p>Kanta: GU10 (lamppu ei sis\u00e4lly pakkaukseen)<\/p>\n<p>V\u00e4ri: valkoinen<\/p>\n","protected":false},"excerpt":{"rendered":"<p>Cuba on nykyaikainen sein\u00e4valaisin vapaasti suunnattavalla valonl\u00e4hteell\u00e4. Himmennin tuo k\u00e4ytt\u00f6mukavuutta. Sopii erinomaisesti lukuvaloksi esimerkiksi s\u00e4ngyn tai nojatuolin viereen. 2,2\u00a0 m johto Euro-pistotulpalla Kanta: GU10 (lamppu ei sis\u00e4lly pakkaukseen) V\u00e4ri: valkoinen<\/p>\n","protected":false},"featured_media":10872,"comment_status":"closed","ping_status":"closed","template":"","meta":[],"product_brand":[],"product_cat":[42,35,34],"product_tag":[],"class_list":{"0":"post-10870","1":"product","2":"type-product","3":"status-publish","4":"has-post-thumbnail","6":"product_cat-seinavalaisimet-sisavalaisimet","7":"product_cat-sisavalaisimet","8":"product_cat-valaisimet","10":"first","11":"instock","12":"taxable","13":"shipping-taxable","14":"purchasable","15":"product-type-simple"},"_links":{"self":[{"href":"https:\/\/www.ksttukku.fi\/kauppa\/wp-json\/wp\/v2\/product\/10870","targetHints":{"allow":["GET"]}}],"collection":[{"href":"https:\/\/www.ksttukku.fi\/kauppa\/wp-json\/wp\/v2\/product"}],"about":[{"href":"https:\/\/www.ksttukku.fi\/kauppa\/wp-json\/wp\/v2\/types\/product"}],"replies":[{"embeddable":true,"href":"https:\/\/www.ksttukku.fi\/kauppa\/wp-json\/wp\/v2\/comments?post=10870"}],"wp:featuredmedia":[{"embeddable":true,"href":"https:\/\/www.ksttukku.fi\/kauppa\/wp-json\/wp\/v2\/media\/10872"}],"wp:attachment":[{"href":"https:\/\/www.ksttukku.fi\/kauppa\/wp-json\/wp\/v2\/media?parent=10870"}],"wp:term":[{"taxonomy":"product_brand","embeddable":true,"href":"https:\/\/www.ksttukku.fi\/kauppa\/wp-json\/wp\/v2\/product_brand?post=10870"},{"taxonomy":"product_cat","embeddable":true,"href":"https:\/\/www.ksttukku.fi\/kauppa\/wp-json\/wp\/v2\/product_cat?post=10870"},{"taxonomy":"product_tag","embeddable":true,"href":"https:\/\/www.ksttukku.fi\/kauppa\/wp-json\/wp\/v2\/product_tag?post=10870"}],"curies":[{"name":"wp","href":"https:\/\/api.w.org\/{rel}","templated":true}]}}