{"id":10876,"date":"2022-08-19T12:50:44","date_gmt":"2022-08-19T09:50:44","guid":{"rendered":"https:\/\/www.ksttukku.fi\/kauppa\/?post_type=product&#038;p=10876"},"modified":"2025-10-17T10:13:40","modified_gmt":"2025-10-17T07:13:40","slug":"split-lattiavalaisin-musta","status":"publish","type":"product","link":"https:\/\/www.ksttukku.fi\/kauppa\/tuote\/split-lattiavalaisin-musta\/","title":{"rendered":"Split lattiavalaisin musta"},"content":{"rendered":"<p>Split lattiavalaisin sopii erinomaisesti lukuvaloksi moneen eri tilaan, esimerkiksi ty\u00f6p\u00f6yd\u00e4n viereen.<\/p>\n<p>Mattamusta ja metallinen valaisin on150 cm korkea.<\/p>\n<p>Kuvun alahalkaisija on 15 cm. Kanta E27<\/p>\n","protected":false},"excerpt":{"rendered":"<p>Split lattiavalaisin sopii erinomaisesti lukuvaloksi moneen eri tilaan, esimerkiksi ty\u00f6p\u00f6yd\u00e4n viereen. Mattamusta ja metallinen valaisin on150 cm korkea. Kuvun alahalkaisija on 15 cm. Kanta E27<\/p>\n","protected":false},"featured_media":14958,"comment_status":"closed","ping_status":"closed","template":"","meta":[],"product_brand":[],"product_cat":[43,35,34],"product_tag":[],"class_list":{"0":"post-10876","1":"product","2":"type-product","3":"status-publish","4":"has-post-thumbnail","6":"product_cat-lattiavalaisimet","7":"product_cat-sisavalaisimet","8":"product_cat-valaisimet","10":"first","11":"instock","12":"taxable","13":"shipping-taxable","14":"purchasable","15":"product-type-simple"},"_links":{"self":[{"href":"https:\/\/www.ksttukku.fi\/kauppa\/wp-json\/wp\/v2\/product\/10876","targetHints":{"allow":["GET"]}}],"collection":[{"href":"https:\/\/www.ksttukku.fi\/kauppa\/wp-json\/wp\/v2\/product"}],"about":[{"href":"https:\/\/www.ksttukku.fi\/kauppa\/wp-json\/wp\/v2\/types\/product"}],"replies":[{"embeddable":true,"href":"https:\/\/www.ksttukku.fi\/kauppa\/wp-json\/wp\/v2\/comments?post=10876"}],"wp:featuredmedia":[{"embeddable":true,"href":"https:\/\/www.ksttukku.fi\/kauppa\/wp-json\/wp\/v2\/media\/14958"}],"wp:attachment":[{"href":"https:\/\/www.ksttukku.fi\/kauppa\/wp-json\/wp\/v2\/media?parent=10876"}],"wp:term":[{"taxonomy":"product_brand","embeddable":true,"href":"https:\/\/www.ksttukku.fi\/kauppa\/wp-json\/wp\/v2\/product_brand?post=10876"},{"taxonomy":"product_cat","embeddable":true,"href":"https:\/\/www.ksttukku.fi\/kauppa\/wp-json\/wp\/v2\/product_cat?post=10876"},{"taxonomy":"product_tag","embeddable":true,"href":"https:\/\/www.ksttukku.fi\/kauppa\/wp-json\/wp\/v2\/product_tag?post=10876"}],"curies":[{"name":"wp","href":"https:\/\/api.w.org\/{rel}","templated":true}]}}