{"id":10897,"date":"2022-08-23T17:26:41","date_gmt":"2022-08-23T14:26:41","guid":{"rendered":"https:\/\/www.ksttukku.fi\/kauppa\/?post_type=product&#038;p=10897"},"modified":"2023-10-07T14:45:07","modified_gmt":"2023-10-07T11:45:07","slug":"himmennettava-alasvalo-musta-6w-370lm-3cct","status":"publish","type":"product","link":"https:\/\/www.ksttukku.fi\/kauppa\/tuote\/himmennettava-alasvalo-musta-6w-370lm-3cct\/","title":{"rendered":"Himmennett\u00e4v\u00e4 alasvalo musta 6W 370lm 3CCT"},"content":{"rendered":"<p>LED paneelivalo 6W,3CCT+himmennett\u00e4v\u00e4<\/p>\n<p>J\u00e4nnite: 230V, 50Hz<\/p>\n<p>Valovirta: 370 lm<\/p>\n<p>V\u00e4ril\u00e4mp\u00f6tila: 3000 K \/ 4000 K \/ 6500 K (valitaan asennusvaiheessa valaisimen kytkimest\u00e4)<\/p>\n<p>CRI: &gt;80<\/p>\n<p>IP-luokka: IP20 \/ IP44<\/p>\n<p>Koko: \u00d8 120 mm x 29 mm<\/p>\n<p>Upotusaukko: \u00d8 105 mm<\/p>\n<p>Valonjakokulma 120\u00b0<\/p>\n<p>K\u00e4ytt\u00f6ik\u00e4 25 000 h<\/p>\n<p>2 vuoden takuu<\/p>\n<p>Materiaali: Alumiini+muovi PC<\/p>\n<p>Kehyksen v\u00e4ri: musta<\/p>\n<p>&nbsp;<\/p>\n","protected":false},"excerpt":{"rendered":"<p>LED paneelivalo 6W,3CCT+himmennett\u00e4v\u00e4 J\u00e4nnite: 230V, 50Hz Valovirta: 370 lm V\u00e4ril\u00e4mp\u00f6tila: 3000 K \/ 4000 K \/ 6500 K (valitaan asennusvaiheessa valaisimen kytkimest\u00e4) CRI: &gt;80 IP-luokka: IP20 \/ IP44 Koko: \u00d8 120 mm x 29 mm Upotusaukko: \u00d8 105 mm Valonjakokulma 120\u00b0 K\u00e4ytt\u00f6ik\u00e4 25 000 h 2 vuoden takuu Materiaali: Alumiini+muovi PC Kehyksen v\u00e4ri: musta &nbsp;<\/p>\n","protected":false},"featured_media":10900,"comment_status":"closed","ping_status":"closed","template":"","meta":[],"product_brand":[],"product_cat":[46,35,52,34],"product_tag":[],"class_list":{"0":"post-10897","1":"product","2":"type-product","3":"status-publish","4":"has-post-thumbnail","6":"product_cat-alasvalot","7":"product_cat-sisavalaisimet","8":"product_cat-upotettavat","9":"product_cat-valaisimet","11":"first","12":"instock","13":"taxable","14":"shipping-taxable","15":"purchasable","16":"product-type-simple"},"_links":{"self":[{"href":"https:\/\/www.ksttukku.fi\/kauppa\/wp-json\/wp\/v2\/product\/10897","targetHints":{"allow":["GET"]}}],"collection":[{"href":"https:\/\/www.ksttukku.fi\/kauppa\/wp-json\/wp\/v2\/product"}],"about":[{"href":"https:\/\/www.ksttukku.fi\/kauppa\/wp-json\/wp\/v2\/types\/product"}],"replies":[{"embeddable":true,"href":"https:\/\/www.ksttukku.fi\/kauppa\/wp-json\/wp\/v2\/comments?post=10897"}],"wp:featuredmedia":[{"embeddable":true,"href":"https:\/\/www.ksttukku.fi\/kauppa\/wp-json\/wp\/v2\/media\/10900"}],"wp:attachment":[{"href":"https:\/\/www.ksttukku.fi\/kauppa\/wp-json\/wp\/v2\/media?parent=10897"}],"wp:term":[{"taxonomy":"product_brand","embeddable":true,"href":"https:\/\/www.ksttukku.fi\/kauppa\/wp-json\/wp\/v2\/product_brand?post=10897"},{"taxonomy":"product_cat","embeddable":true,"href":"https:\/\/www.ksttukku.fi\/kauppa\/wp-json\/wp\/v2\/product_cat?post=10897"},{"taxonomy":"product_tag","embeddable":true,"href":"https:\/\/www.ksttukku.fi\/kauppa\/wp-json\/wp\/v2\/product_tag?post=10897"}],"curies":[{"name":"wp","href":"https:\/\/api.w.org\/{rel}","templated":true}]}}