{"id":10920,"date":"2022-08-31T16:22:27","date_gmt":"2022-08-31T13:22:27","guid":{"rendered":"https:\/\/www.ksttukku.fi\/kauppa\/?post_type=product&#038;p=10920"},"modified":"2025-12-05T16:33:38","modified_gmt":"2025-12-05T14:33:38","slug":"airam-bijou-patterivalosarja","status":"publish","type":"product","link":"https:\/\/www.ksttukku.fi\/kauppa\/tuote\/airam-bijou-patterivalosarja\/","title":{"rendered":"Airam Bijou patterivalosarja"},"content":{"rendered":"<div class=\"long-product-name\" data-v-20c41384=\"\"><\/div>\n<div class=\"short-description scylla-wysiwyg std text--left\" data-v-20c41384=\"\">\n<p>Lamppusarja, jossa kymmenen savuns\u00e4vyist\u00e4 lamppua. Kauniin muotoiset lamput, joiden sis\u00e4ll\u00e4 ked-valolanka: 5 ledi\u00e4\/ lamppu.<\/p>\n<p>Ajastintoiminto 6\/18 timer<\/p>\n<p>Ei sis\u00e4ll\u00e4 paristoja.(AA patteri 3 kpl)<\/p>\n<p>Materiaali muovi.<\/p>\n<p>Johto kirkas.<\/p>\n<p>On\/off-kytkin.<\/p>\n<\/div>\n","protected":false},"excerpt":{"rendered":"<p>Lamppusarja, jossa kymmenen savuns\u00e4vyist\u00e4 lamppua. Kauniin muotoiset lamput, joiden sis\u00e4ll\u00e4 ked-valolanka: 5 ledi\u00e4\/ lamppu. Ajastintoiminto 6\/18 timer Ei sis\u00e4ll\u00e4 paristoja.(AA patteri 3 kpl) Materiaali muovi. Johto kirkas. On\/off-kytkin.<\/p>\n","protected":false},"featured_media":10921,"comment_status":"closed","ping_status":"closed","template":"","meta":[],"product_brand":[],"product_cat":[176,309,180,362,36,34],"product_tag":[],"class_list":{"0":"post-10920","1":"product","2":"type-product","3":"status-publish","4":"has-post-thumbnail","6":"product_cat-joulu-ja-koristevalot","7":"product_cat-paristovalaisimet","8":"product_cat-paristovalosarjat","9":"product_cat-puutarhavalaisimet","10":"product_cat-ulkovalaisimet","11":"product_cat-valaisimet","13":"first","14":"outofstock","15":"taxable","16":"shipping-taxable","17":"purchasable","18":"product-type-simple"},"_links":{"self":[{"href":"https:\/\/www.ksttukku.fi\/kauppa\/wp-json\/wp\/v2\/product\/10920","targetHints":{"allow":["GET"]}}],"collection":[{"href":"https:\/\/www.ksttukku.fi\/kauppa\/wp-json\/wp\/v2\/product"}],"about":[{"href":"https:\/\/www.ksttukku.fi\/kauppa\/wp-json\/wp\/v2\/types\/product"}],"replies":[{"embeddable":true,"href":"https:\/\/www.ksttukku.fi\/kauppa\/wp-json\/wp\/v2\/comments?post=10920"}],"wp:featuredmedia":[{"embeddable":true,"href":"https:\/\/www.ksttukku.fi\/kauppa\/wp-json\/wp\/v2\/media\/10921"}],"wp:attachment":[{"href":"https:\/\/www.ksttukku.fi\/kauppa\/wp-json\/wp\/v2\/media?parent=10920"}],"wp:term":[{"taxonomy":"product_brand","embeddable":true,"href":"https:\/\/www.ksttukku.fi\/kauppa\/wp-json\/wp\/v2\/product_brand?post=10920"},{"taxonomy":"product_cat","embeddable":true,"href":"https:\/\/www.ksttukku.fi\/kauppa\/wp-json\/wp\/v2\/product_cat?post=10920"},{"taxonomy":"product_tag","embeddable":true,"href":"https:\/\/www.ksttukku.fi\/kauppa\/wp-json\/wp\/v2\/product_tag?post=10920"}],"curies":[{"name":"wp","href":"https:\/\/api.w.org\/{rel}","templated":true}]}}