{"id":10924,"date":"2022-09-01T16:18:18","date_gmt":"2022-09-01T13:18:18","guid":{"rendered":"https:\/\/www.ksttukku.fi\/kauppa\/?post_type=product&#038;p=10924"},"modified":"2022-09-01T16:18:19","modified_gmt":"2022-09-01T13:18:19","slug":"kuplat-480-riippuvalaisin-kirkas","status":"publish","type":"product","link":"https:\/\/www.ksttukku.fi\/kauppa\/tuote\/kuplat-480-riippuvalaisin-kirkas\/","title":{"rendered":"Kuplat 480 riippuvalaisin kirkas"},"content":{"rendered":"<p>Innolux Kuplat valaisin on <a title=\"Yki Nummi\" href=\"https:\/\/ltnhbxizggchbdbl-37270651012.shopifypreview.com\/pages\/yki-nummi\">Yki Nummen<\/a> suunnittelema designklassikko. Valaisimessa on sis\u00e4kk\u00e4in kaksi eriv\u00e4rist\u00e4 akryylikupua. Sisempi kupu on valkoista akryylia, jonka valkoinen v\u00e4ri toimii heijastinpintana valolle. Ulompi kupu on l\u00e4pin\u00e4kyv\u00e4\u00e4 akryylia eri v\u00e4rivaihtoehdoin. Valaisinta on saatavana monessa eri v\u00e4riss\u00e4. Alkuper\u00e4isen Kuplat-valaisimen rinnalle on tuotantoon otettu my\u00f6s n\u00e4ytt\u00e4v\u00e4 Kuplat 480, joka on halkaisijaltaan 480 mm sek\u00e4 Kuplat 270, joka on halkaisijaltaan 270 mm. Kuplat-valaisimen kolme eri kokoa ja niiden n\u00e4ytt\u00e4v\u00e4t v\u00e4rit antavat hienoja mahdollisuuksia sisustamiseen.<\/p>\n<ul>\n<li>Mitat: \u00d8 480 , k 345<\/li>\n<li>Materiaali: akryyli<\/li>\n<li>V\u00e4ri: kirkas, messinki<\/li>\n<li>Kokonaisteho: 1 x max 35 W<\/li>\n<li>Valonl\u00e4hde: E27<\/li>\n<li>IP luokitus: IP20<\/li>\n<li>Valonl\u00e4hde ei sis\u00e4lly hintaan<\/li>\n<li>Paino: 1,5 kg<\/li>\n<li>Johdon tiedot: 2 m, valkoinen johto<\/li>\n<li>Kattokupin tiedot: puolipallo valkoinen<\/li>\n<\/ul>\n","protected":false},"excerpt":{"rendered":"<p>Innolux Kuplat valaisin on Yki Nummen suunnittelema designklassikko. Valaisimessa on sis\u00e4kk\u00e4in kaksi eriv\u00e4rist\u00e4 akryylikupua. Sisempi kupu on valkoista akryylia, jonka valkoinen v\u00e4ri toimii heijastinpintana valolle. Ulompi kupu on l\u00e4pin\u00e4kyv\u00e4\u00e4 akryylia eri v\u00e4rivaihtoehdoin. Valaisinta on saatavana monessa eri v\u00e4riss\u00e4. Alkuper\u00e4isen Kuplat-valaisimen rinnalle on tuotantoon otettu my\u00f6s n\u00e4ytt\u00e4v\u00e4 Kuplat 480, joka on halkaisijaltaan 480 mm sek\u00e4 Kuplat [&hellip;]<\/p>\n","protected":false},"featured_media":10926,"comment_status":"closed","ping_status":"closed","template":"","meta":[],"product_brand":[],"product_cat":[49,35,34],"product_tag":[],"class_list":{"0":"post-10924","1":"product","2":"type-product","3":"status-publish","4":"has-post-thumbnail","6":"product_cat-riippuvalaisimet","7":"product_cat-sisavalaisimet","8":"product_cat-valaisimet","10":"first","11":"instock","12":"taxable","13":"shipping-taxable","14":"purchasable","15":"product-type-simple"},"_links":{"self":[{"href":"https:\/\/www.ksttukku.fi\/kauppa\/wp-json\/wp\/v2\/product\/10924","targetHints":{"allow":["GET"]}}],"collection":[{"href":"https:\/\/www.ksttukku.fi\/kauppa\/wp-json\/wp\/v2\/product"}],"about":[{"href":"https:\/\/www.ksttukku.fi\/kauppa\/wp-json\/wp\/v2\/types\/product"}],"replies":[{"embeddable":true,"href":"https:\/\/www.ksttukku.fi\/kauppa\/wp-json\/wp\/v2\/comments?post=10924"}],"wp:featuredmedia":[{"embeddable":true,"href":"https:\/\/www.ksttukku.fi\/kauppa\/wp-json\/wp\/v2\/media\/10926"}],"wp:attachment":[{"href":"https:\/\/www.ksttukku.fi\/kauppa\/wp-json\/wp\/v2\/media?parent=10924"}],"wp:term":[{"taxonomy":"product_brand","embeddable":true,"href":"https:\/\/www.ksttukku.fi\/kauppa\/wp-json\/wp\/v2\/product_brand?post=10924"},{"taxonomy":"product_cat","embeddable":true,"href":"https:\/\/www.ksttukku.fi\/kauppa\/wp-json\/wp\/v2\/product_cat?post=10924"},{"taxonomy":"product_tag","embeddable":true,"href":"https:\/\/www.ksttukku.fi\/kauppa\/wp-json\/wp\/v2\/product_tag?post=10924"}],"curies":[{"name":"wp","href":"https:\/\/api.w.org\/{rel}","templated":true}]}}