{"id":1096,"date":"2018-03-14T15:59:45","date_gmt":"2018-03-14T13:59:45","guid":{"rendered":"http:\/\/www.ksttukku.fi\/kauppa\/?post_type=product&#038;p=1096"},"modified":"2026-01-27T14:36:15","modified_gmt":"2026-01-27T12:36:15","slug":"sumu-kaantomatto-harmaavaalea","status":"publish","type":"product","link":"https:\/\/www.ksttukku.fi\/kauppa\/tuote\/sumu-kaantomatto-harmaavaalea\/","title":{"rendered":"Sumu k\u00e4\u00e4nt\u00f6matto harmaa\/vaalea"},"content":{"rendered":"<div>Maton k\u00e4\u00e4nt\u00f6puolella on sama kuvio vastakkaisella v\u00e4rityksell\u00e4<\/div>\n<div>55 % Polypropyleeni, 36 %juutti, 9 % Polyester<\/div>\n<div>V\u00e4ri: Harmaa \/ vaalea<\/div>\n","protected":false},"excerpt":{"rendered":"<p>Maton k\u00e4\u00e4nt\u00f6puolella on sama kuvio vastakkaisella v\u00e4rityksell\u00e4 55 % Polypropyleeni, 36 %juutti, 9 % Polyester V\u00e4ri: Harmaa \/ vaalea<\/p>\n","protected":false},"featured_media":1094,"comment_status":"closed","ping_status":"closed","template":"","meta":[],"product_brand":[],"product_cat":[23,22,102],"product_tag":[],"class_list":{"0":"post-1096","1":"product","2":"type-product","3":"status-publish","4":"has-post-thumbnail","6":"product_cat-kaytava-ja-yleismatot","7":"product_cat-matot","8":"product_cat-sumu","10":"first","11":"instock","12":"taxable","13":"shipping-taxable","14":"purchasable","15":"product-type-variable"},"_links":{"self":[{"href":"https:\/\/www.ksttukku.fi\/kauppa\/wp-json\/wp\/v2\/product\/1096","targetHints":{"allow":["GET"]}}],"collection":[{"href":"https:\/\/www.ksttukku.fi\/kauppa\/wp-json\/wp\/v2\/product"}],"about":[{"href":"https:\/\/www.ksttukku.fi\/kauppa\/wp-json\/wp\/v2\/types\/product"}],"replies":[{"embeddable":true,"href":"https:\/\/www.ksttukku.fi\/kauppa\/wp-json\/wp\/v2\/comments?post=1096"}],"wp:featuredmedia":[{"embeddable":true,"href":"https:\/\/www.ksttukku.fi\/kauppa\/wp-json\/wp\/v2\/media\/1094"}],"wp:attachment":[{"href":"https:\/\/www.ksttukku.fi\/kauppa\/wp-json\/wp\/v2\/media?parent=1096"}],"wp:term":[{"taxonomy":"product_brand","embeddable":true,"href":"https:\/\/www.ksttukku.fi\/kauppa\/wp-json\/wp\/v2\/product_brand?post=1096"},{"taxonomy":"product_cat","embeddable":true,"href":"https:\/\/www.ksttukku.fi\/kauppa\/wp-json\/wp\/v2\/product_cat?post=1096"},{"taxonomy":"product_tag","embeddable":true,"href":"https:\/\/www.ksttukku.fi\/kauppa\/wp-json\/wp\/v2\/product_tag?post=1096"}],"curies":[{"name":"wp","href":"https:\/\/api.w.org\/{rel}","templated":true}]}}