{"id":10977,"date":"2022-09-09T17:39:13","date_gmt":"2022-09-09T14:39:13","guid":{"rendered":"https:\/\/www.ksttukku.fi\/kauppa\/?post_type=product&#038;p=10977"},"modified":"2022-09-09T17:39:13","modified_gmt":"2022-09-09T14:39:13","slug":"poraussapluuna-vetimille-512x64mm","status":"publish","type":"product","link":"https:\/\/www.ksttukku.fi\/kauppa\/tuote\/poraussapluuna-vetimille-512x64mm\/","title":{"rendered":"Poraussapluuna vetimille 512x64mm"},"content":{"rendered":"<div class=\"col-em mb-1 linkstyle prod-half-l\">\n<p><em>Vetimien poraussapluuna tekee reik\u00e4v\u00e4lin poraamisesta vaivatonta. Jos haluat rei\u00e4t esimerkiksi 64 mm reik\u00e4v\u00e4lille, valitse sapluunasta ne kaksi saraketta, joissa lukee 64.<\/em><\/p>\n<p>Reik\u00e4v\u00e4lit 32 mm v\u00e4lein 480 mm asti.<br \/>\nEt\u00e4isyys yl\u00e4reunasta 16, 32 tai 48 mm.<br \/>\nRei\u00e4t \u00d8 2 mm<br \/>\nMateriaali: nylon<\/p>\n<\/div>\n","protected":false},"excerpt":{"rendered":"<p>Vetimien poraussapluuna tekee reik\u00e4v\u00e4lin poraamisesta vaivatonta. Jos haluat rei\u00e4t esimerkiksi 64 mm reik\u00e4v\u00e4lille, valitse sapluunasta ne kaksi saraketta, joissa lukee 64. Reik\u00e4v\u00e4lit 32 mm v\u00e4lein 480 mm asti. Et\u00e4isyys yl\u00e4reunasta 16, 32 tai 48 mm. Rei\u00e4t \u00d8 2 mm Materiaali: nylon<\/p>\n","protected":false},"featured_media":10978,"comment_status":"closed","ping_status":"closed","template":"","meta":[],"product_brand":[],"product_cat":[297],"product_tag":[],"class_list":{"0":"post-10977","1":"product","2":"type-product","3":"status-publish","4":"has-post-thumbnail","6":"product_cat-vedin-ruuvit-ja-tarvikkeet","8":"first","9":"instock","10":"taxable","11":"shipping-taxable","12":"purchasable","13":"product-type-simple"},"_links":{"self":[{"href":"https:\/\/www.ksttukku.fi\/kauppa\/wp-json\/wp\/v2\/product\/10977","targetHints":{"allow":["GET"]}}],"collection":[{"href":"https:\/\/www.ksttukku.fi\/kauppa\/wp-json\/wp\/v2\/product"}],"about":[{"href":"https:\/\/www.ksttukku.fi\/kauppa\/wp-json\/wp\/v2\/types\/product"}],"replies":[{"embeddable":true,"href":"https:\/\/www.ksttukku.fi\/kauppa\/wp-json\/wp\/v2\/comments?post=10977"}],"wp:featuredmedia":[{"embeddable":true,"href":"https:\/\/www.ksttukku.fi\/kauppa\/wp-json\/wp\/v2\/media\/10978"}],"wp:attachment":[{"href":"https:\/\/www.ksttukku.fi\/kauppa\/wp-json\/wp\/v2\/media?parent=10977"}],"wp:term":[{"taxonomy":"product_brand","embeddable":true,"href":"https:\/\/www.ksttukku.fi\/kauppa\/wp-json\/wp\/v2\/product_brand?post=10977"},{"taxonomy":"product_cat","embeddable":true,"href":"https:\/\/www.ksttukku.fi\/kauppa\/wp-json\/wp\/v2\/product_cat?post=10977"},{"taxonomy":"product_tag","embeddable":true,"href":"https:\/\/www.ksttukku.fi\/kauppa\/wp-json\/wp\/v2\/product_tag?post=10977"}],"curies":[{"name":"wp","href":"https:\/\/api.w.org\/{rel}","templated":true}]}}