{"id":10985,"date":"2022-09-10T14:16:02","date_gmt":"2022-09-10T11:16:02","guid":{"rendered":"https:\/\/www.ksttukku.fi\/kauppa\/?post_type=product&#038;p=10985"},"modified":"2023-01-04T17:21:17","modified_gmt":"2023-01-04T15:21:17","slug":"faro-malja-allas","status":"publish","type":"product","link":"https:\/\/www.ksttukku.fi\/kauppa\/tuote\/faro-malja-allas\/","title":{"rendered":"Faro malja-allas"},"content":{"rendered":"<p>Neli\u00f6nmuotoinen Faro on posliinista valmistettu, tason p\u00e4\u00e4lle asennettava malja-allas.Siin\u00e4 on ylivuotosuoja sek\u00e4 paikka hanalle.<\/p>\n<ul>\n<li>Posliinia<\/li>\n<li>Valkoinen<\/li>\n<li>Kromattu ylivuotosuojan koristehela<\/li>\n<li>Altaassa hanan paikka<\/li>\n<li>Leveys\u00a0460 mm<\/li>\n<li>Korkeus\u00a0155 mm<\/li>\n<li>Syvyys\u00a0460 mm<\/li>\n<li>Tason suositeltava minimisyvyys 470 mm<\/li>\n<\/ul>\n","protected":false},"excerpt":{"rendered":"<p>Neli\u00f6nmuotoinen Faro on posliinista valmistettu, tason p\u00e4\u00e4lle asennettava malja-allas.Siin\u00e4 on ylivuotosuoja sek\u00e4 paikka hanalle. Posliinia Valkoinen Kromattu ylivuotosuojan koristehela Altaassa hanan paikka Leveys\u00a0460 mm Korkeus\u00a0155 mm Syvyys\u00a0460 mm Tason suositeltava minimisyvyys 470 mm<\/p>\n","protected":false},"featured_media":10987,"comment_status":"closed","ping_status":"closed","template":"","meta":[],"product_brand":[],"product_cat":[459,478,494],"product_tag":[],"class_list":{"0":"post-10985","1":"product","2":"type-product","3":"status-publish","4":"has-post-thumbnail","6":"product_cat-altaat","7":"product_cat-hanat-altaat","8":"product_cat-malja-altaat","10":"first","11":"instock","12":"taxable","13":"shipping-taxable","14":"purchasable","15":"product-type-simple"},"_links":{"self":[{"href":"https:\/\/www.ksttukku.fi\/kauppa\/wp-json\/wp\/v2\/product\/10985","targetHints":{"allow":["GET"]}}],"collection":[{"href":"https:\/\/www.ksttukku.fi\/kauppa\/wp-json\/wp\/v2\/product"}],"about":[{"href":"https:\/\/www.ksttukku.fi\/kauppa\/wp-json\/wp\/v2\/types\/product"}],"replies":[{"embeddable":true,"href":"https:\/\/www.ksttukku.fi\/kauppa\/wp-json\/wp\/v2\/comments?post=10985"}],"wp:featuredmedia":[{"embeddable":true,"href":"https:\/\/www.ksttukku.fi\/kauppa\/wp-json\/wp\/v2\/media\/10987"}],"wp:attachment":[{"href":"https:\/\/www.ksttukku.fi\/kauppa\/wp-json\/wp\/v2\/media?parent=10985"}],"wp:term":[{"taxonomy":"product_brand","embeddable":true,"href":"https:\/\/www.ksttukku.fi\/kauppa\/wp-json\/wp\/v2\/product_brand?post=10985"},{"taxonomy":"product_cat","embeddable":true,"href":"https:\/\/www.ksttukku.fi\/kauppa\/wp-json\/wp\/v2\/product_cat?post=10985"},{"taxonomy":"product_tag","embeddable":true,"href":"https:\/\/www.ksttukku.fi\/kauppa\/wp-json\/wp\/v2\/product_tag?post=10985"}],"curies":[{"name":"wp","href":"https:\/\/api.w.org\/{rel}","templated":true}]}}