{"id":11009,"date":"2022-09-13T14:02:25","date_gmt":"2022-09-13T11:02:25","guid":{"rendered":"https:\/\/www.ksttukku.fi\/kauppa\/?post_type=product&#038;p=11009"},"modified":"2022-09-13T15:12:12","modified_gmt":"2022-09-13T12:12:12","slug":"airam-pro-ledputki-120cm-18w-2700lm-4000k-10kpl","status":"publish","type":"product","link":"https:\/\/www.ksttukku.fi\/kauppa\/tuote\/airam-pro-ledputki-120cm-18w-2700lm-4000k-10kpl\/","title":{"rendered":"Airam Pro ledputki 120cm 18W 2700lm 4000K (10kpl)"},"content":{"rendered":"<p>Pitk\u00e4 polttoik\u00e4 50 000 tuntia.<br \/>\nValotehokkuus jopa 150 lm\/W<br \/>\nLasikupu: helppo asentaa (ei taivu).<br \/>\nT\u00e4ysin tasainen rakenne kannan ja putken v\u00e4lill\u00e4: vahva kesto kuljetuksissa.<br \/>\nV\u00e4rintoistoindeksi CRI &gt; 80.<br \/>\nJos valaisimessa on kompensointikondensaattori, sen poistaminen parantaa tehokerrointa (Pf).<\/p>\n<p>Teho: 18 W<\/p>\n<p>Valovirta: 2700 lm<\/p>\n<p>Mitat: Pituus 120 cm<\/p>\n<p>V\u00e4ril\u00e4mp\u00f6tila: 4000 K<\/p>\n","protected":false},"excerpt":{"rendered":"<p>Pakkauksessa 10 kpl ledputkia<\/p>\n","protected":false},"featured_media":11010,"comment_status":"closed","ping_status":"closed","template":"","meta":[],"product_brand":[],"product_cat":[185,262],"product_tag":[],"class_list":{"0":"post-11009","1":"product","2":"type-product","3":"status-publish","4":"has-post-thumbnail","6":"product_cat-lamput","7":"product_cat-tukkupakkaukset","9":"first","10":"instock","11":"sale","12":"taxable","13":"shipping-taxable","14":"purchasable","15":"product-type-simple"},"_links":{"self":[{"href":"https:\/\/www.ksttukku.fi\/kauppa\/wp-json\/wp\/v2\/product\/11009","targetHints":{"allow":["GET"]}}],"collection":[{"href":"https:\/\/www.ksttukku.fi\/kauppa\/wp-json\/wp\/v2\/product"}],"about":[{"href":"https:\/\/www.ksttukku.fi\/kauppa\/wp-json\/wp\/v2\/types\/product"}],"replies":[{"embeddable":true,"href":"https:\/\/www.ksttukku.fi\/kauppa\/wp-json\/wp\/v2\/comments?post=11009"}],"wp:featuredmedia":[{"embeddable":true,"href":"https:\/\/www.ksttukku.fi\/kauppa\/wp-json\/wp\/v2\/media\/11010"}],"wp:attachment":[{"href":"https:\/\/www.ksttukku.fi\/kauppa\/wp-json\/wp\/v2\/media?parent=11009"}],"wp:term":[{"taxonomy":"product_brand","embeddable":true,"href":"https:\/\/www.ksttukku.fi\/kauppa\/wp-json\/wp\/v2\/product_brand?post=11009"},{"taxonomy":"product_cat","embeddable":true,"href":"https:\/\/www.ksttukku.fi\/kauppa\/wp-json\/wp\/v2\/product_cat?post=11009"},{"taxonomy":"product_tag","embeddable":true,"href":"https:\/\/www.ksttukku.fi\/kauppa\/wp-json\/wp\/v2\/product_tag?post=11009"}],"curies":[{"name":"wp","href":"https:\/\/api.w.org\/{rel}","templated":true}]}}