{"id":1101,"date":"2018-03-14T16:08:24","date_gmt":"2018-03-14T14:08:24","guid":{"rendered":"http:\/\/www.ksttukku.fi\/kauppa\/?post_type=product&#038;p=1101"},"modified":"2021-04-19T15:55:46","modified_gmt":"2021-04-19T12:55:46","slug":"sumu-kaantomatto-mustavaalea","status":"publish","type":"product","link":"https:\/\/www.ksttukku.fi\/kauppa\/tuote\/sumu-kaantomatto-mustavaalea\/","title":{"rendered":"Sumu k\u00e4\u00e4nt\u00f6matto musta\/vaalea"},"content":{"rendered":"<div>Maton k\u00e4\u00e4nt\u00f6puolella on sama kuvio vastakkaisella v\u00e4rityksell\u00e4<\/div>\n<div>55 % Polypropyleeni, 36 %juutti, 9 % Polyester<\/div>\n<div>V\u00e4ri: Musta \/ vaalea<\/div>\n","protected":false},"excerpt":{"rendered":"<p>Maton k\u00e4\u00e4nt\u00f6puolella on sama kuvio vastakkaisella v\u00e4rityksell\u00e4 55 % Polypropyleeni, 36 %juutti, 9 % Polyester V\u00e4ri: Musta \/ vaalea<\/p>\n","protected":false},"featured_media":1095,"comment_status":"closed","ping_status":"closed","template":"","meta":[],"product_brand":[],"product_cat":[23,22,102],"product_tag":[],"class_list":{"0":"post-1101","1":"product","2":"type-product","3":"status-publish","4":"has-post-thumbnail","6":"product_cat-kaytava-ja-yleismatot","7":"product_cat-matot","8":"product_cat-sumu","10":"first","11":"instock","12":"taxable","13":"shipping-taxable","14":"purchasable","15":"product-type-variable"},"_links":{"self":[{"href":"https:\/\/www.ksttukku.fi\/kauppa\/wp-json\/wp\/v2\/product\/1101","targetHints":{"allow":["GET"]}}],"collection":[{"href":"https:\/\/www.ksttukku.fi\/kauppa\/wp-json\/wp\/v2\/product"}],"about":[{"href":"https:\/\/www.ksttukku.fi\/kauppa\/wp-json\/wp\/v2\/types\/product"}],"replies":[{"embeddable":true,"href":"https:\/\/www.ksttukku.fi\/kauppa\/wp-json\/wp\/v2\/comments?post=1101"}],"wp:featuredmedia":[{"embeddable":true,"href":"https:\/\/www.ksttukku.fi\/kauppa\/wp-json\/wp\/v2\/media\/1095"}],"wp:attachment":[{"href":"https:\/\/www.ksttukku.fi\/kauppa\/wp-json\/wp\/v2\/media?parent=1101"}],"wp:term":[{"taxonomy":"product_brand","embeddable":true,"href":"https:\/\/www.ksttukku.fi\/kauppa\/wp-json\/wp\/v2\/product_brand?post=1101"},{"taxonomy":"product_cat","embeddable":true,"href":"https:\/\/www.ksttukku.fi\/kauppa\/wp-json\/wp\/v2\/product_cat?post=1101"},{"taxonomy":"product_tag","embeddable":true,"href":"https:\/\/www.ksttukku.fi\/kauppa\/wp-json\/wp\/v2\/product_tag?post=1101"}],"curies":[{"name":"wp","href":"https:\/\/api.w.org\/{rel}","templated":true}]}}