{"id":11012,"date":"2022-09-13T17:33:08","date_gmt":"2022-09-13T14:33:08","guid":{"rendered":"https:\/\/www.ksttukku.fi\/kauppa\/?post_type=product&#038;p=11012"},"modified":"2022-09-13T17:33:08","modified_gmt":"2022-09-13T14:33:08","slug":"kamiinapuhallin","status":"publish","type":"product","link":"https:\/\/www.ksttukku.fi\/kauppa\/tuote\/kamiinapuhallin\/","title":{"rendered":"Kamiinapuhallin"},"content":{"rendered":"<p>Uutuustuote! Nelj\u00e4lapainen kamiinapuhallin tasoittaa nopeasti l\u00e4mm\u00f6n koko huonetilaan.<\/p>\n<ul>\n<li>Kamiinapuhallin toimii kamiinan l\u00e4mm\u00f6ll\u00e4 \u2013 k\u00e4ytt\u00f6\u00f6n ei tarvita s\u00e4hk\u00f6\u00e4, johtoja tai pattereita.<\/li>\n<li>Parantaa kamiinan l\u00e4mmitystehoa levitt\u00e4m\u00e4ll\u00e4 l\u00e4mp\u00f6\u00e4 laajalle huoneeseen \u2013 \u00e4\u00e4nett\u00f6m\u00e4sti ja ilmaiseksi.<\/li>\n<li>Puhallin vain asetetaan kamiinan p\u00e4\u00e4lle ja kun l\u00e4mp\u00f6 kohoaa kamiinasta, l\u00e4htev\u00e4t lavat py\u00f6rim\u00e4\u00e4n ja levitt\u00e4v\u00e4t samalla l\u00e4mmint\u00e4 ilmaa huonetilaan.<\/li>\n<li>Puhallin k\u00e4ynnistyy noin 65 \u00b0C l\u00e4mp\u00f6tilassa ja py\u00f6rimisnopeus vaihtelee kamiinasta nousevan l\u00e4mp\u00f6tilan mukaan (maksimil\u00e4mp\u00f6tila 345 \u00b0C).<\/li>\n<\/ul>\n","protected":false},"excerpt":{"rendered":"<p>Uutuustuote! Nelj\u00e4lapainen kamiinapuhallin tasoittaa nopeasti l\u00e4mm\u00f6n koko huonetilaan. Kamiinapuhallin toimii kamiinan l\u00e4mm\u00f6ll\u00e4 \u2013 k\u00e4ytt\u00f6\u00f6n ei tarvita s\u00e4hk\u00f6\u00e4, johtoja tai pattereita. Parantaa kamiinan l\u00e4mmitystehoa levitt\u00e4m\u00e4ll\u00e4 l\u00e4mp\u00f6\u00e4 laajalle huoneeseen \u2013 \u00e4\u00e4nett\u00f6m\u00e4sti ja ilmaiseksi. Puhallin vain asetetaan kamiinan p\u00e4\u00e4lle ja kun l\u00e4mp\u00f6 kohoaa kamiinasta, l\u00e4htev\u00e4t lavat py\u00f6rim\u00e4\u00e4n ja levitt\u00e4v\u00e4t samalla l\u00e4mmint\u00e4 ilmaa huonetilaan. Puhallin k\u00e4ynnistyy noin 65 \u00b0C [&hellip;]<\/p>\n","protected":false},"featured_media":11013,"comment_status":"closed","ping_status":"closed","template":"","meta":[],"product_brand":[],"product_cat":[204],"product_tag":[],"class_list":{"0":"post-11012","1":"product","2":"type-product","3":"status-publish","4":"has-post-thumbnail","6":"product_cat-sisustustakat","8":"first","9":"instock","10":"taxable","11":"shipping-taxable","12":"purchasable","13":"product-type-simple"},"_links":{"self":[{"href":"https:\/\/www.ksttukku.fi\/kauppa\/wp-json\/wp\/v2\/product\/11012","targetHints":{"allow":["GET"]}}],"collection":[{"href":"https:\/\/www.ksttukku.fi\/kauppa\/wp-json\/wp\/v2\/product"}],"about":[{"href":"https:\/\/www.ksttukku.fi\/kauppa\/wp-json\/wp\/v2\/types\/product"}],"replies":[{"embeddable":true,"href":"https:\/\/www.ksttukku.fi\/kauppa\/wp-json\/wp\/v2\/comments?post=11012"}],"wp:featuredmedia":[{"embeddable":true,"href":"https:\/\/www.ksttukku.fi\/kauppa\/wp-json\/wp\/v2\/media\/11013"}],"wp:attachment":[{"href":"https:\/\/www.ksttukku.fi\/kauppa\/wp-json\/wp\/v2\/media?parent=11012"}],"wp:term":[{"taxonomy":"product_brand","embeddable":true,"href":"https:\/\/www.ksttukku.fi\/kauppa\/wp-json\/wp\/v2\/product_brand?post=11012"},{"taxonomy":"product_cat","embeddable":true,"href":"https:\/\/www.ksttukku.fi\/kauppa\/wp-json\/wp\/v2\/product_cat?post=11012"},{"taxonomy":"product_tag","embeddable":true,"href":"https:\/\/www.ksttukku.fi\/kauppa\/wp-json\/wp\/v2\/product_tag?post=11012"}],"curies":[{"name":"wp","href":"https:\/\/api.w.org\/{rel}","templated":true}]}}