{"id":11025,"date":"2022-09-17T12:26:03","date_gmt":"2022-09-17T09:26:03","guid":{"rendered":"https:\/\/www.ksttukku.fi\/kauppa\/?post_type=product&#038;p=11025"},"modified":"2022-09-17T12:26:04","modified_gmt":"2022-09-17T09:26:04","slug":"keittiohana-korte-pesukoneliitannalla-kromi","status":"publish","type":"product","link":"https:\/\/www.ksttukku.fi\/kauppa\/tuote\/keittiohana-korte-pesukoneliitannalla-kromi\/","title":{"rendered":"Keitti\u00f6hana Korte pesukoneliit\u00e4nn\u00e4ll\u00e4 kromi"},"content":{"rendered":"<div class=\"web-description\">KORTE on laadukas STF-tyyppihyv\u00e4ksytty keitti\u00f6hana, jossa on astianpesukoneliit\u00e4nt\u00e4 ja korkea, k\u00e4\u00e4ntyv\u00e4 juoksuputki. Hanan minimalistinen muotoilu sopii keitti\u00f6\u00f6n kuin keitti\u00f6\u00f6n. Joustavien liit\u00e4nt\u00e4putkien ansiosta KORTE my\u00f6s nopea ja helppo asentaa.<\/div>\n<p><span id=\"data1\">K\u00e4\u00e4ntyv\u00e4 korkea juoksuputki<br \/>\nKromattu messinkirunko<br \/>\nKromattu sinkkikahva<br \/>\nEN248 kromaus (NSS 200h)<br \/>\n35 mm keraaminen s\u00e4\u00e4t\u00f6osa<br \/>\nJoustavat liit\u00e4nt\u00e4putket (2&#215;40 cm x 3\/8&#8243;)<br \/>\nT\u00e4ydellinen kiinnityssarja<br \/>\n\u00c4\u00e4nitasoluokka 2<\/p>\n<p>STF-tyyppihyv\u00e4ksynt\u00e4 19-002848-TH<br \/>\nTakuu 5 vuotta <\/span><\/p>\n","protected":false},"excerpt":{"rendered":"<p>KORTE on laadukas STF-tyyppihyv\u00e4ksytty keitti\u00f6hana, jossa on astianpesukoneliit\u00e4nt\u00e4 ja korkea, k\u00e4\u00e4ntyv\u00e4 juoksuputki. Hanan minimalistinen muotoilu sopii keitti\u00f6\u00f6n kuin keitti\u00f6\u00f6n. Joustavien liit\u00e4nt\u00e4putkien ansiosta KORTE my\u00f6s nopea ja helppo asentaa. K\u00e4\u00e4ntyv\u00e4 korkea juoksuputki Kromattu messinkirunko Kromattu sinkkikahva EN248 kromaus (NSS 200h) 35 mm keraaminen s\u00e4\u00e4t\u00f6osa Joustavat liit\u00e4nt\u00e4putket (2&#215;40 cm x 3\/8&#8243;) T\u00e4ydellinen kiinnityssarja \u00c4\u00e4nitasoluokka 2 STF-tyyppihyv\u00e4ksynt\u00e4 19-002848-TH [&hellip;]<\/p>\n","protected":false},"featured_media":11026,"comment_status":"closed","ping_status":"closed","template":"","meta":[],"product_brand":[],"product_cat":[374,478],"product_tag":[],"class_list":{"0":"post-11025","1":"product","2":"type-product","3":"status-publish","4":"has-post-thumbnail","6":"product_cat-hanat","7":"product_cat-hanat-altaat","9":"first","10":"instock","11":"taxable","12":"shipping-taxable","13":"purchasable","14":"product-type-simple"},"_links":{"self":[{"href":"https:\/\/www.ksttukku.fi\/kauppa\/wp-json\/wp\/v2\/product\/11025","targetHints":{"allow":["GET"]}}],"collection":[{"href":"https:\/\/www.ksttukku.fi\/kauppa\/wp-json\/wp\/v2\/product"}],"about":[{"href":"https:\/\/www.ksttukku.fi\/kauppa\/wp-json\/wp\/v2\/types\/product"}],"replies":[{"embeddable":true,"href":"https:\/\/www.ksttukku.fi\/kauppa\/wp-json\/wp\/v2\/comments?post=11025"}],"wp:featuredmedia":[{"embeddable":true,"href":"https:\/\/www.ksttukku.fi\/kauppa\/wp-json\/wp\/v2\/media\/11026"}],"wp:attachment":[{"href":"https:\/\/www.ksttukku.fi\/kauppa\/wp-json\/wp\/v2\/media?parent=11025"}],"wp:term":[{"taxonomy":"product_brand","embeddable":true,"href":"https:\/\/www.ksttukku.fi\/kauppa\/wp-json\/wp\/v2\/product_brand?post=11025"},{"taxonomy":"product_cat","embeddable":true,"href":"https:\/\/www.ksttukku.fi\/kauppa\/wp-json\/wp\/v2\/product_cat?post=11025"},{"taxonomy":"product_tag","embeddable":true,"href":"https:\/\/www.ksttukku.fi\/kauppa\/wp-json\/wp\/v2\/product_tag?post=11025"}],"curies":[{"name":"wp","href":"https:\/\/api.w.org\/{rel}","templated":true}]}}