{"id":11028,"date":"2022-09-17T12:52:50","date_gmt":"2022-09-17T09:52:50","guid":{"rendered":"https:\/\/www.ksttukku.fi\/kauppa\/?post_type=product&#038;p=11028"},"modified":"2022-09-17T12:52:51","modified_gmt":"2022-09-17T09:52:51","slug":"termostaattisuihkuhana-lumme","status":"publish","type":"product","link":"https:\/\/www.ksttukku.fi\/kauppa\/tuote\/termostaattisuihkuhana-lumme\/","title":{"rendered":"Termostaattisuihkuhana Lumme"},"content":{"rendered":"<p>Laadukas STF-hyv\u00e4ksytty suihkuhana t\u00e4ysmetallisella rungolla ja kahvalla.<\/p>\n<p>Messinkirunko<br \/>\nKromattu sinkkikahva<br \/>\nEN248 kromaus (NSS 200h)<br \/>\n40 mm keraaminen s\u00e4\u00e4t\u00f6osa<br \/>\n2x ep\u00e4keskeiset sulkuliittimet + hanaprikat<br \/>\n\u00c4\u00e4nitasoluokka 2<\/p>\n<p>STF-tyyppihyv\u00e4ksynt\u00e4 21-005283-TH<br \/>\nTakuu 5 vuotta<\/p>\n","protected":false},"excerpt":{"rendered":"<p>Laadukas STF-hyv\u00e4ksytty suihkuhana t\u00e4ysmetallisella rungolla ja kahvalla. Messinkirunko Kromattu sinkkikahva EN248 kromaus (NSS 200h) 40 mm keraaminen s\u00e4\u00e4t\u00f6osa 2x ep\u00e4keskeiset sulkuliittimet + hanaprikat \u00c4\u00e4nitasoluokka 2 STF-tyyppihyv\u00e4ksynt\u00e4 21-005283-TH Takuu 5 vuotta<\/p>\n","protected":false},"featured_media":11029,"comment_status":"closed","ping_status":"closed","template":"","meta":[],"product_brand":[],"product_cat":[374,478],"product_tag":[],"class_list":{"0":"post-11028","1":"product","2":"type-product","3":"status-publish","4":"has-post-thumbnail","6":"product_cat-hanat","7":"product_cat-hanat-altaat","9":"first","10":"instock","11":"taxable","12":"shipping-taxable","13":"purchasable","14":"product-type-simple"},"_links":{"self":[{"href":"https:\/\/www.ksttukku.fi\/kauppa\/wp-json\/wp\/v2\/product\/11028","targetHints":{"allow":["GET"]}}],"collection":[{"href":"https:\/\/www.ksttukku.fi\/kauppa\/wp-json\/wp\/v2\/product"}],"about":[{"href":"https:\/\/www.ksttukku.fi\/kauppa\/wp-json\/wp\/v2\/types\/product"}],"replies":[{"embeddable":true,"href":"https:\/\/www.ksttukku.fi\/kauppa\/wp-json\/wp\/v2\/comments?post=11028"}],"wp:featuredmedia":[{"embeddable":true,"href":"https:\/\/www.ksttukku.fi\/kauppa\/wp-json\/wp\/v2\/media\/11029"}],"wp:attachment":[{"href":"https:\/\/www.ksttukku.fi\/kauppa\/wp-json\/wp\/v2\/media?parent=11028"}],"wp:term":[{"taxonomy":"product_brand","embeddable":true,"href":"https:\/\/www.ksttukku.fi\/kauppa\/wp-json\/wp\/v2\/product_brand?post=11028"},{"taxonomy":"product_cat","embeddable":true,"href":"https:\/\/www.ksttukku.fi\/kauppa\/wp-json\/wp\/v2\/product_cat?post=11028"},{"taxonomy":"product_tag","embeddable":true,"href":"https:\/\/www.ksttukku.fi\/kauppa\/wp-json\/wp\/v2\/product_tag?post=11028"}],"curies":[{"name":"wp","href":"https:\/\/api.w.org\/{rel}","templated":true}]}}