{"id":11039,"date":"2022-09-20T11:19:29","date_gmt":"2022-09-20T08:19:29","guid":{"rendered":"https:\/\/www.ksttukku.fi\/kauppa\/?post_type=product&#038;p=11039"},"modified":"2025-06-03T17:21:00","modified_gmt":"2025-06-03T14:21:00","slug":"led-valosarja-6-osainen-ip-54","status":"publish","type":"product","link":"https:\/\/www.ksttukku.fi\/kauppa\/tuote\/led-valosarja-6-osainen-ip-54\/","title":{"rendered":"Led-valosarja 6-osainen IP 54"},"content":{"rendered":"<table style=\"width: 69.8045%; height: 199px;\">\n<tbody>\n<tr>\n<td>6-osainen messinkinen LED-valosarja. Voidaan asentaa kaikkiin kodin tiloihin my\u00f6s sauna &#8211; ja pesutiloihin (saunassa max asennuskorkus 1m).<\/p>\n<p>Yksitt\u00e4isen lamppu 0,3W 6,5lm v\u00e4ril\u00e4mp\u00f6tila 3500K. Johtojen pituudet: 2x3m, 2x4m ja 2x5m<\/td>\n<\/tr>\n<tr>\n<th class=\"right\"><\/th>\n<td><\/td>\n<\/tr>\n<\/tbody>\n<\/table>\n","protected":false},"excerpt":{"rendered":"<p>6-osainen messinkinen LED-valosarja. Voidaan asentaa kaikkiin kodin tiloihin my\u00f6s sauna &#8211; ja pesutiloihin (saunassa max asennuskorkus 1m). Yksitt\u00e4isen lamppu 0,3W 6,5lm v\u00e4ril\u00e4mp\u00f6tila 3500K. Johtojen pituudet: 2x3m, 2x4m ja 2x5m<\/p>\n","protected":false},"featured_media":11041,"comment_status":"closed","ping_status":"closed","template":"","meta":[],"product_brand":[],"product_cat":[59,36,52,34],"product_tag":[],"class_list":{"0":"post-11039","1":"product","2":"type-product","3":"status-publish","4":"has-post-thumbnail","6":"product_cat-terassivalaisimet","7":"product_cat-ulkovalaisimet","8":"product_cat-upotettavat","9":"product_cat-valaisimet","11":"first","12":"instock","13":"sale","14":"taxable","15":"shipping-taxable","16":"purchasable","17":"product-type-simple"},"_links":{"self":[{"href":"https:\/\/www.ksttukku.fi\/kauppa\/wp-json\/wp\/v2\/product\/11039","targetHints":{"allow":["GET"]}}],"collection":[{"href":"https:\/\/www.ksttukku.fi\/kauppa\/wp-json\/wp\/v2\/product"}],"about":[{"href":"https:\/\/www.ksttukku.fi\/kauppa\/wp-json\/wp\/v2\/types\/product"}],"replies":[{"embeddable":true,"href":"https:\/\/www.ksttukku.fi\/kauppa\/wp-json\/wp\/v2\/comments?post=11039"}],"wp:featuredmedia":[{"embeddable":true,"href":"https:\/\/www.ksttukku.fi\/kauppa\/wp-json\/wp\/v2\/media\/11041"}],"wp:attachment":[{"href":"https:\/\/www.ksttukku.fi\/kauppa\/wp-json\/wp\/v2\/media?parent=11039"}],"wp:term":[{"taxonomy":"product_brand","embeddable":true,"href":"https:\/\/www.ksttukku.fi\/kauppa\/wp-json\/wp\/v2\/product_brand?post=11039"},{"taxonomy":"product_cat","embeddable":true,"href":"https:\/\/www.ksttukku.fi\/kauppa\/wp-json\/wp\/v2\/product_cat?post=11039"},{"taxonomy":"product_tag","embeddable":true,"href":"https:\/\/www.ksttukku.fi\/kauppa\/wp-json\/wp\/v2\/product_tag?post=11039"}],"curies":[{"name":"wp","href":"https:\/\/api.w.org\/{rel}","templated":true}]}}