{"id":11091,"date":"2022-09-29T15:59:06","date_gmt":"2022-09-29T12:59:06","guid":{"rendered":"https:\/\/www.ksttukku.fi\/kauppa\/?post_type=product&#038;p=11091"},"modified":"2022-09-29T16:17:22","modified_gmt":"2022-09-29T13:17:22","slug":"himmennettava-apple-led-lamppu-4w-220x220-mm","status":"publish","type":"product","link":"https:\/\/www.ksttukku.fi\/kauppa\/tuote\/himmennettava-apple-led-lamppu-4w-220x220-mm\/","title":{"rendered":"Himmennett\u00e4v\u00e4 Apple Led-lamppu 4W   220&#215;220 mm  kupari"},"content":{"rendered":"<p>Katseenvangitsiaksi n\u00e4ytt\u00e4v\u00e4 Led-lamppu<\/p>\n<p>Lamppu on my\u00f6s himmennett\u00e4v\u00e4<\/p>\n<p>Valon v\u00e4ri: 1600K<\/p>\n<p>V\u00e4ri: kupari<\/p>\n<p>Koko: 220x220mm<\/p>\n<p>kanta:E27<\/p>\n<p>johtosarja on tilattavissa erikseen<\/p>\n<p>&nbsp;<\/p>\n","protected":false},"excerpt":{"rendered":"<p>Katseenvangitsiaksi n\u00e4ytt\u00e4v\u00e4 Led-lamppu Lamppu on my\u00f6s himmennett\u00e4v\u00e4 Valon v\u00e4ri: 1600K V\u00e4ri: kupari Koko: 220x220mm kanta:E27 johtosarja on tilattavissa erikseen &nbsp;<\/p>\n","protected":false},"featured_media":11092,"comment_status":"closed","ping_status":"closed","template":"","meta":[],"product_brand":[],"product_cat":[188,186,185],"product_tag":[],"class_list":{"0":"post-11091","1":"product","2":"type-product","3":"status-publish","4":"has-post-thumbnail","6":"product_cat-himmennettavat-lamput","7":"product_cat-ledlamput","8":"product_cat-lamput","10":"first","11":"instock","12":"taxable","13":"shipping-taxable","14":"purchasable","15":"product-type-simple"},"_links":{"self":[{"href":"https:\/\/www.ksttukku.fi\/kauppa\/wp-json\/wp\/v2\/product\/11091","targetHints":{"allow":["GET"]}}],"collection":[{"href":"https:\/\/www.ksttukku.fi\/kauppa\/wp-json\/wp\/v2\/product"}],"about":[{"href":"https:\/\/www.ksttukku.fi\/kauppa\/wp-json\/wp\/v2\/types\/product"}],"replies":[{"embeddable":true,"href":"https:\/\/www.ksttukku.fi\/kauppa\/wp-json\/wp\/v2\/comments?post=11091"}],"wp:featuredmedia":[{"embeddable":true,"href":"https:\/\/www.ksttukku.fi\/kauppa\/wp-json\/wp\/v2\/media\/11092"}],"wp:attachment":[{"href":"https:\/\/www.ksttukku.fi\/kauppa\/wp-json\/wp\/v2\/media?parent=11091"}],"wp:term":[{"taxonomy":"product_brand","embeddable":true,"href":"https:\/\/www.ksttukku.fi\/kauppa\/wp-json\/wp\/v2\/product_brand?post=11091"},{"taxonomy":"product_cat","embeddable":true,"href":"https:\/\/www.ksttukku.fi\/kauppa\/wp-json\/wp\/v2\/product_cat?post=11091"},{"taxonomy":"product_tag","embeddable":true,"href":"https:\/\/www.ksttukku.fi\/kauppa\/wp-json\/wp\/v2\/product_tag?post=11091"}],"curies":[{"name":"wp","href":"https:\/\/api.w.org\/{rel}","templated":true}]}}