{"id":11102,"date":"2022-09-29T18:34:02","date_gmt":"2022-09-29T15:34:02","guid":{"rendered":"https:\/\/www.ksttukku.fi\/kauppa\/?post_type=product&#038;p=11102"},"modified":"2025-02-21T16:44:45","modified_gmt":"2025-02-21T14:44:45","slug":"airam-camper-l-retkilyhty","status":"publish","type":"product","link":"https:\/\/www.ksttukku.fi\/kauppa\/tuote\/airam-camper-l-retkilyhty\/","title":{"rendered":"Airam Camper L retkilyhty"},"content":{"rendered":"<p>Camper -retkilyhtymallistossa on vaihtoehtoja joka l\u00e4ht\u00f6\u00f6n. Pienin malli mahtuu helposti reppuun, suurimman valossa viihtyy isompikin p\u00f6yt\u00e4seurue. My\u00f6s USB-ladattava malli.<\/p>\n<p>Valonl\u00e4hde 4 x 5 W COB LED, ei vaihdettava.<\/p>\n<p>Maks. 1000 lm<\/p>\n<p>Portaaton himmennys 1000 lm &#8211; 300 lm<\/p>\n<p>Virtal\u00e4hde 4 x D paristo<\/p>\n<p>Runko muovia<\/p>\n<p>V\u00e4ri: Musta<\/p>\n<p>Mitat: Leveys 100 mm, pituus 210 mm<\/p>\n","protected":false},"excerpt":{"rendered":"<p>Camper -retkilyhtymallistossa on vaihtoehtoja joka l\u00e4ht\u00f6\u00f6n. Pienin malli mahtuu helposti reppuun, suurimman valossa viihtyy isompikin p\u00f6yt\u00e4seurue. My\u00f6s USB-ladattava malli. Valonl\u00e4hde 4 x 5 W COB LED, ei vaihdettava. Maks. 1000 lm Portaaton himmennys 1000 lm &#8211; 300 lm Virtal\u00e4hde 4 x D paristo Runko muovia V\u00e4ri: Musta Mitat: Leveys 100 mm, pituus 210 mm<\/p>\n","protected":false},"featured_media":11104,"comment_status":"closed","ping_status":"closed","template":"","meta":[],"product_brand":[],"product_cat":[309,57,34],"product_tag":[],"class_list":{"0":"post-11102","1":"product","2":"type-product","3":"status-publish","4":"has-post-thumbnail","6":"product_cat-paristovalaisimet","7":"product_cat-retkeily","8":"product_cat-valaisimet","10":"first","11":"instock","12":"sale","13":"taxable","14":"shipping-taxable","15":"purchasable","16":"product-type-simple"},"_links":{"self":[{"href":"https:\/\/www.ksttukku.fi\/kauppa\/wp-json\/wp\/v2\/product\/11102","targetHints":{"allow":["GET"]}}],"collection":[{"href":"https:\/\/www.ksttukku.fi\/kauppa\/wp-json\/wp\/v2\/product"}],"about":[{"href":"https:\/\/www.ksttukku.fi\/kauppa\/wp-json\/wp\/v2\/types\/product"}],"replies":[{"embeddable":true,"href":"https:\/\/www.ksttukku.fi\/kauppa\/wp-json\/wp\/v2\/comments?post=11102"}],"wp:featuredmedia":[{"embeddable":true,"href":"https:\/\/www.ksttukku.fi\/kauppa\/wp-json\/wp\/v2\/media\/11104"}],"wp:attachment":[{"href":"https:\/\/www.ksttukku.fi\/kauppa\/wp-json\/wp\/v2\/media?parent=11102"}],"wp:term":[{"taxonomy":"product_brand","embeddable":true,"href":"https:\/\/www.ksttukku.fi\/kauppa\/wp-json\/wp\/v2\/product_brand?post=11102"},{"taxonomy":"product_cat","embeddable":true,"href":"https:\/\/www.ksttukku.fi\/kauppa\/wp-json\/wp\/v2\/product_cat?post=11102"},{"taxonomy":"product_tag","embeddable":true,"href":"https:\/\/www.ksttukku.fi\/kauppa\/wp-json\/wp\/v2\/product_tag?post=11102"}],"curies":[{"name":"wp","href":"https:\/\/api.w.org\/{rel}","templated":true}]}}