{"id":11116,"date":"2022-10-01T14:13:11","date_gmt":"2022-10-01T11:13:11","guid":{"rendered":"https:\/\/www.ksttukku.fi\/kauppa\/?post_type=product&#038;p=11116"},"modified":"2022-10-01T14:13:12","modified_gmt":"2022-10-01T11:13:12","slug":"gamma-led-paneelivalaisin-295x1195mm-335w-4200lm-2700-6500k","status":"publish","type":"product","link":"https:\/\/www.ksttukku.fi\/kauppa\/tuote\/gamma-led-paneelivalaisin-295x1195mm-335w-4200lm-2700-6500k\/","title":{"rendered":"Gamma led-paneelivalaisin 295x1195mm, 33,5W 4200lm 2700-6500K"},"content":{"rendered":"<p>Tyylik\u00e4s ja tasaisesti valaiseva paneelivalaisin kaikkiin kodin kuiviin tiloihin<\/p>\n<p>Valon tehoa ja v\u00e4ril\u00e4mp\u00f6tilaa voi s\u00e4\u00e4t\u00e4\u00e4 mukana tulevalla kaukos\u00e4\u00e4timell\u00e4<\/p>\n<p>Teho: 33,5 W<\/p>\n<p>Valovirta: 4200 lm<\/p>\n<p>J\u00e4nnite: 230V\/50Hz<\/p>\n<p>IP-luokitus: IP20<\/p>\n<p>V\u00e4ril\u00e4mp\u00f6tila: 2700 \u2013 6500 K<\/p>\n<p>Mitat: 295 x 1195 x 50 mm<\/p>\n","protected":false},"excerpt":{"rendered":"<p>Tyylik\u00e4s ja tasaisesti valaiseva paneelivalaisin kaikkiin kodin kuiviin tiloihin Valon tehoa ja v\u00e4ril\u00e4mp\u00f6tilaa voi s\u00e4\u00e4t\u00e4\u00e4 mukana tulevalla kaukos\u00e4\u00e4timell\u00e4 Teho: 33,5 W Valovirta: 4200 lm J\u00e4nnite: 230V\/50Hz IP-luokitus: IP20 V\u00e4ril\u00e4mp\u00f6tila: 2700 \u2013 6500 K Mitat: 295 x 1195 x 50 mm<\/p>\n","protected":false},"featured_media":11117,"comment_status":"closed","ping_status":"closed","template":"","meta":[],"product_brand":[],"product_cat":[183,35,34],"product_tag":[],"class_list":{"0":"post-11116","1":"product","2":"type-product","3":"status-publish","4":"has-post-thumbnail","6":"product_cat-led-paneelivalaisimet","7":"product_cat-sisavalaisimet","8":"product_cat-valaisimet","10":"first","11":"instock","12":"taxable","13":"shipping-taxable","14":"purchasable","15":"product-type-simple"},"_links":{"self":[{"href":"https:\/\/www.ksttukku.fi\/kauppa\/wp-json\/wp\/v2\/product\/11116","targetHints":{"allow":["GET"]}}],"collection":[{"href":"https:\/\/www.ksttukku.fi\/kauppa\/wp-json\/wp\/v2\/product"}],"about":[{"href":"https:\/\/www.ksttukku.fi\/kauppa\/wp-json\/wp\/v2\/types\/product"}],"replies":[{"embeddable":true,"href":"https:\/\/www.ksttukku.fi\/kauppa\/wp-json\/wp\/v2\/comments?post=11116"}],"wp:featuredmedia":[{"embeddable":true,"href":"https:\/\/www.ksttukku.fi\/kauppa\/wp-json\/wp\/v2\/media\/11117"}],"wp:attachment":[{"href":"https:\/\/www.ksttukku.fi\/kauppa\/wp-json\/wp\/v2\/media?parent=11116"}],"wp:term":[{"taxonomy":"product_brand","embeddable":true,"href":"https:\/\/www.ksttukku.fi\/kauppa\/wp-json\/wp\/v2\/product_brand?post=11116"},{"taxonomy":"product_cat","embeddable":true,"href":"https:\/\/www.ksttukku.fi\/kauppa\/wp-json\/wp\/v2\/product_cat?post=11116"},{"taxonomy":"product_tag","embeddable":true,"href":"https:\/\/www.ksttukku.fi\/kauppa\/wp-json\/wp\/v2\/product_tag?post=11116"}],"curies":[{"name":"wp","href":"https:\/\/api.w.org\/{rel}","templated":true}]}}