{"id":11128,"date":"2022-10-03T15:52:21","date_gmt":"2022-10-03T12:52:21","guid":{"rendered":"https:\/\/www.ksttukku.fi\/kauppa\/?post_type=product&#038;p=11128"},"modified":"2022-10-03T15:54:48","modified_gmt":"2022-10-03T12:54:48","slug":"trio-kattovalaisin-groovy-30-w","status":"publish","type":"product","link":"https:\/\/www.ksttukku.fi\/kauppa\/tuote\/trio-kattovalaisin-groovy-30-w\/","title":{"rendered":"Trio Kattovalaisin Groovy 30 W"},"content":{"rendered":"<p>Trio Kattovalaisin Groovy 30 W<\/p>\n<p>Uutuutena tyylik\u00e4s kattovalaisin\u00a0 Groovy ledvalaisin kristalleilla\u00a0 3-osainen.<\/p>\n<p>Runko: mattamusta metalli sek\u00e4 lasikristallit ja mattakulta metalliosat<\/p>\n<p>Valoteho 3800lm<\/p>\n<p>v\u00e4ril\u00e4mp\u00f6tila: 3000 K<\/p>\n<p>STEP-himmennys<\/p>\n<p>Halkaisija: 620 mm<\/p>\n<p>Korkeus: 60mm<\/p>\n<p>&nbsp;<\/p>\n<p>&nbsp;<\/p>\n<p>&nbsp;<\/p>\n","protected":false},"excerpt":{"rendered":"<p>Trio Kattovalaisin Groovy 30 W Uutuutena tyylik\u00e4s kattovalaisin\u00a0 Groovy ledvalaisin kristalleilla\u00a0 3-osainen. Runko: mattamusta metalli sek\u00e4 lasikristallit ja mattakulta metalliosat Valoteho 3800lm v\u00e4ril\u00e4mp\u00f6tila: 3000 K STEP-himmennys Halkaisija: 620 mm Korkeus: 60mm &nbsp; &nbsp; &nbsp;<\/p>\n","protected":false},"featured_media":11129,"comment_status":"closed","ping_status":"closed","template":"","meta":[],"product_brand":[],"product_cat":[40,51,35,34],"product_tag":[],"class_list":{"0":"post-11128","1":"product","2":"type-product","3":"status-publish","4":"has-post-thumbnail","6":"product_cat-kattovalaisimet","7":"product_cat-pinta-asennettavat","8":"product_cat-sisavalaisimet","9":"product_cat-valaisimet","11":"first","12":"instock","13":"taxable","14":"shipping-taxable","15":"purchasable","16":"product-type-simple"},"_links":{"self":[{"href":"https:\/\/www.ksttukku.fi\/kauppa\/wp-json\/wp\/v2\/product\/11128","targetHints":{"allow":["GET"]}}],"collection":[{"href":"https:\/\/www.ksttukku.fi\/kauppa\/wp-json\/wp\/v2\/product"}],"about":[{"href":"https:\/\/www.ksttukku.fi\/kauppa\/wp-json\/wp\/v2\/types\/product"}],"replies":[{"embeddable":true,"href":"https:\/\/www.ksttukku.fi\/kauppa\/wp-json\/wp\/v2\/comments?post=11128"}],"wp:featuredmedia":[{"embeddable":true,"href":"https:\/\/www.ksttukku.fi\/kauppa\/wp-json\/wp\/v2\/media\/11129"}],"wp:attachment":[{"href":"https:\/\/www.ksttukku.fi\/kauppa\/wp-json\/wp\/v2\/media?parent=11128"}],"wp:term":[{"taxonomy":"product_brand","embeddable":true,"href":"https:\/\/www.ksttukku.fi\/kauppa\/wp-json\/wp\/v2\/product_brand?post=11128"},{"taxonomy":"product_cat","embeddable":true,"href":"https:\/\/www.ksttukku.fi\/kauppa\/wp-json\/wp\/v2\/product_cat?post=11128"},{"taxonomy":"product_tag","embeddable":true,"href":"https:\/\/www.ksttukku.fi\/kauppa\/wp-json\/wp\/v2\/product_tag?post=11128"}],"curies":[{"name":"wp","href":"https:\/\/api.w.org\/{rel}","templated":true}]}}