{"id":11131,"date":"2022-10-03T16:20:50","date_gmt":"2022-10-03T13:20:50","guid":{"rendered":"https:\/\/www.ksttukku.fi\/kauppa\/?post_type=product&#038;p=11131"},"modified":"2026-03-11T17:08:22","modified_gmt":"2026-03-11T15:08:22","slug":"trio-led-kattovalaisin-groody-4-osainen-valkoinen-37-w","status":"publish","type":"product","link":"https:\/\/www.ksttukku.fi\/kauppa\/tuote\/trio-led-kattovalaisin-groody-4-osainen-valkoinen-37-w\/","title":{"rendered":"Trio Led-kattovalaisin Groody 4-osainen valkoinen 37 W"},"content":{"rendered":"<p>Uutuutena tyylik\u00e4s kattovalaisin Groovy ledvalaisin kristalleilla 4-osainen.<\/p>\n<p>Runko: mattavalkoinen metalli sek\u00e4 lasikristallit ja mattahopea metalliosat<\/p>\n<p>Valoteho 4800lm<\/p>\n<p>v\u00e4ril\u00e4mp\u00f6tila: 3000 K<\/p>\n<p>STEP-himmennys<\/p>\n<p>Leveys: 955 mm<\/p>\n<p>Syvyys: 400 mm<\/p>\n<p>Korkeus: 65mm<\/p>\n","protected":false},"excerpt":{"rendered":"<p>Uutuutena tyylik\u00e4s kattovalaisin Groovy ledvalaisin kristalleilla 4-osainen. Runko: mattavalkoinen metalli sek\u00e4 lasikristallit ja mattahopea metalliosat Valoteho 4800lm v\u00e4ril\u00e4mp\u00f6tila: 3000 K STEP-himmennys Leveys: 955 mm Syvyys: 400 mm Korkeus: 65mm<\/p>\n","protected":false},"featured_media":11132,"comment_status":"closed","ping_status":"closed","template":"","meta":[],"product_brand":[],"product_cat":[46,183,51,35,34],"product_tag":[],"class_list":{"0":"post-11131","1":"product","2":"type-product","3":"status-publish","4":"has-post-thumbnail","6":"product_cat-alasvalot","7":"product_cat-led-paneelivalaisimet","8":"product_cat-pinta-asennettavat","9":"product_cat-sisavalaisimet","10":"product_cat-valaisimet","12":"first","13":"outofstock","14":"taxable","15":"shipping-taxable","16":"purchasable","17":"product-type-simple"},"_links":{"self":[{"href":"https:\/\/www.ksttukku.fi\/kauppa\/wp-json\/wp\/v2\/product\/11131","targetHints":{"allow":["GET"]}}],"collection":[{"href":"https:\/\/www.ksttukku.fi\/kauppa\/wp-json\/wp\/v2\/product"}],"about":[{"href":"https:\/\/www.ksttukku.fi\/kauppa\/wp-json\/wp\/v2\/types\/product"}],"replies":[{"embeddable":true,"href":"https:\/\/www.ksttukku.fi\/kauppa\/wp-json\/wp\/v2\/comments?post=11131"}],"wp:featuredmedia":[{"embeddable":true,"href":"https:\/\/www.ksttukku.fi\/kauppa\/wp-json\/wp\/v2\/media\/11132"}],"wp:attachment":[{"href":"https:\/\/www.ksttukku.fi\/kauppa\/wp-json\/wp\/v2\/media?parent=11131"}],"wp:term":[{"taxonomy":"product_brand","embeddable":true,"href":"https:\/\/www.ksttukku.fi\/kauppa\/wp-json\/wp\/v2\/product_brand?post=11131"},{"taxonomy":"product_cat","embeddable":true,"href":"https:\/\/www.ksttukku.fi\/kauppa\/wp-json\/wp\/v2\/product_cat?post=11131"},{"taxonomy":"product_tag","embeddable":true,"href":"https:\/\/www.ksttukku.fi\/kauppa\/wp-json\/wp\/v2\/product_tag?post=11131"}],"curies":[{"name":"wp","href":"https:\/\/api.w.org\/{rel}","templated":true}]}}