{"id":11168,"date":"2022-10-05T12:33:13","date_gmt":"2022-10-05T09:33:13","guid":{"rendered":"https:\/\/www.ksttukku.fi\/kauppa\/?post_type=product&#038;p=11168"},"modified":"2022-10-05T14:34:25","modified_gmt":"2022-10-05T11:34:25","slug":"trio-carus-kattovalaisin-24001400lm-valkoinen","status":"publish","type":"product","link":"https:\/\/www.ksttukku.fi\/kauppa\/tuote\/trio-carus-kattovalaisin-24001400lm-valkoinen\/","title":{"rendered":"trio Carus kattovalaisin 2400+1400lm valkoinen"},"content":{"rendered":"<p>trio Carus kattovalaisin 2400+1400lm<\/p>\n<p>Tyylik\u00e4s paneelivalaisin kaikkiin kodin kuiviin tiloihin.<\/p>\n<p>valaisimessa on kolme toimintoa,ohjataan tavallisella katkaisimella ( A ,B , A+B katso kuva)<\/p>\n<p>V\u00e4ril\u00e4mp\u00f6tila: 4000K<\/p>\n<p>Valovirta: 2400+1400 lm<\/p>\n<p>Halkaisija: 340 mm<\/p>\n<p>Syvyys: 40mm<\/p>\n<p>materiaali: muovi<\/p>\n","protected":false},"excerpt":{"rendered":"<p>trio Carus kattovalaisin 2400+1400lm Tyylik\u00e4s paneelivalaisin kaikkiin kodin kuiviin tiloihin. valaisimessa on kolme toimintoa,ohjataan tavallisella katkaisimella ( A ,B , A+B katso kuva) V\u00e4ril\u00e4mp\u00f6tila: 4000K Valovirta: 2400+1400 lm Halkaisija: 340 mm Syvyys: 40mm materiaali: muovi<\/p>\n","protected":false},"featured_media":11169,"comment_status":"closed","ping_status":"closed","template":"","meta":[],"product_brand":[],"product_cat":[40,183,51,35,34],"product_tag":[],"class_list":{"0":"post-11168","1":"product","2":"type-product","3":"status-publish","4":"has-post-thumbnail","6":"product_cat-kattovalaisimet","7":"product_cat-led-paneelivalaisimet","8":"product_cat-pinta-asennettavat","9":"product_cat-sisavalaisimet","10":"product_cat-valaisimet","12":"first","13":"instock","14":"taxable","15":"shipping-taxable","16":"purchasable","17":"product-type-simple"},"_links":{"self":[{"href":"https:\/\/www.ksttukku.fi\/kauppa\/wp-json\/wp\/v2\/product\/11168","targetHints":{"allow":["GET"]}}],"collection":[{"href":"https:\/\/www.ksttukku.fi\/kauppa\/wp-json\/wp\/v2\/product"}],"about":[{"href":"https:\/\/www.ksttukku.fi\/kauppa\/wp-json\/wp\/v2\/types\/product"}],"replies":[{"embeddable":true,"href":"https:\/\/www.ksttukku.fi\/kauppa\/wp-json\/wp\/v2\/comments?post=11168"}],"wp:featuredmedia":[{"embeddable":true,"href":"https:\/\/www.ksttukku.fi\/kauppa\/wp-json\/wp\/v2\/media\/11169"}],"wp:attachment":[{"href":"https:\/\/www.ksttukku.fi\/kauppa\/wp-json\/wp\/v2\/media?parent=11168"}],"wp:term":[{"taxonomy":"product_brand","embeddable":true,"href":"https:\/\/www.ksttukku.fi\/kauppa\/wp-json\/wp\/v2\/product_brand?post=11168"},{"taxonomy":"product_cat","embeddable":true,"href":"https:\/\/www.ksttukku.fi\/kauppa\/wp-json\/wp\/v2\/product_cat?post=11168"},{"taxonomy":"product_tag","embeddable":true,"href":"https:\/\/www.ksttukku.fi\/kauppa\/wp-json\/wp\/v2\/product_tag?post=11168"}],"curies":[{"name":"wp","href":"https:\/\/api.w.org\/{rel}","templated":true}]}}