{"id":11196,"date":"2022-10-06T16:42:12","date_gmt":"2022-10-06T13:42:12","guid":{"rendered":"https:\/\/www.ksttukku.fi\/kauppa\/?post_type=product&#038;p=11196"},"modified":"2022-10-06T16:42:13","modified_gmt":"2022-10-06T13:42:13","slug":"led-seinavalaisin-22w-gianni-ip-44-musta","status":"publish","type":"product","link":"https:\/\/www.ksttukku.fi\/kauppa\/tuote\/led-seinavalaisin-22w-gianni-ip-44-musta\/","title":{"rendered":"Led-sein\u00e4valaisin 22W Gianni IP 44 musta"},"content":{"rendered":"<p>Tyylikk\u00e4\u00e4sti muotoiltu peilivalaisin.<\/p>\n<p>Sopii my\u00f6s kosteisiin tiloihin.<\/p>\n<p>Valoteho: 2700 lm<\/p>\n<p>Valonv\u00e4ri: 3000K<\/p>\n<p>Metalliruonkoinen valaisin kytkimell\u00e4<\/p>\n<p>V\u00e4ri: mattamusta<\/p>\n<p>Leveys: 600mm<\/p>\n<p>Syvyys: 150mm<\/p>\n<p>&nbsp;<\/p>\n","protected":false},"excerpt":{"rendered":"<p>Tyylikk\u00e4\u00e4sti muotoiltu peilivalaisin. Sopii my\u00f6s kosteisiin tiloihin. Valoteho: 2700 lm Valonv\u00e4ri: 3000K Metalliruonkoinen valaisin kytkimell\u00e4 V\u00e4ri: mattamusta Leveys: 600mm Syvyys: 150mm &nbsp;<\/p>\n","protected":false},"featured_media":11197,"comment_status":"closed","ping_status":"closed","template":"","meta":[],"product_brand":[],"product_cat":[48,42,35,34],"product_tag":[],"class_list":{"0":"post-11196","1":"product","2":"type-product","3":"status-publish","4":"has-post-thumbnail","6":"product_cat-kosteantilanvalaisimet","7":"product_cat-seinavalaisimet-sisavalaisimet","8":"product_cat-sisavalaisimet","9":"product_cat-valaisimet","11":"first","12":"instock","13":"taxable","14":"shipping-taxable","15":"purchasable","16":"product-type-simple"},"_links":{"self":[{"href":"https:\/\/www.ksttukku.fi\/kauppa\/wp-json\/wp\/v2\/product\/11196","targetHints":{"allow":["GET"]}}],"collection":[{"href":"https:\/\/www.ksttukku.fi\/kauppa\/wp-json\/wp\/v2\/product"}],"about":[{"href":"https:\/\/www.ksttukku.fi\/kauppa\/wp-json\/wp\/v2\/types\/product"}],"replies":[{"embeddable":true,"href":"https:\/\/www.ksttukku.fi\/kauppa\/wp-json\/wp\/v2\/comments?post=11196"}],"wp:featuredmedia":[{"embeddable":true,"href":"https:\/\/www.ksttukku.fi\/kauppa\/wp-json\/wp\/v2\/media\/11197"}],"wp:attachment":[{"href":"https:\/\/www.ksttukku.fi\/kauppa\/wp-json\/wp\/v2\/media?parent=11196"}],"wp:term":[{"taxonomy":"product_brand","embeddable":true,"href":"https:\/\/www.ksttukku.fi\/kauppa\/wp-json\/wp\/v2\/product_brand?post=11196"},{"taxonomy":"product_cat","embeddable":true,"href":"https:\/\/www.ksttukku.fi\/kauppa\/wp-json\/wp\/v2\/product_cat?post=11196"},{"taxonomy":"product_tag","embeddable":true,"href":"https:\/\/www.ksttukku.fi\/kauppa\/wp-json\/wp\/v2\/product_tag?post=11196"}],"curies":[{"name":"wp","href":"https:\/\/api.w.org\/{rel}","templated":true}]}}