{"id":11200,"date":"2022-10-07T13:00:22","date_gmt":"2022-10-07T10:00:22","guid":{"rendered":"https:\/\/www.ksttukku.fi\/kauppa\/?post_type=product&#038;p=11200"},"modified":"2022-10-07T13:04:50","modified_gmt":"2022-10-07T10:04:50","slug":"rocco-seinavalaisin-8-w-ip-44-mattamusta","status":"publish","type":"product","link":"https:\/\/www.ksttukku.fi\/kauppa\/tuote\/rocco-seinavalaisin-8-w-ip-44-mattamusta\/","title":{"rendered":"Rocco sein\u00e4valaisin 8 W   IP 44 mattamusta"},"content":{"rendered":"<p>Pelkistetty suoralinjainen sein\u00e4valaisin , valaisee yl\u00f6s- sek\u00e4 alasp\u00e4in.<\/p>\n<p>Sopii kodin kaikkiin tiloihin,my\u00f6s kylpyhuoneeseen.<\/p>\n<p>Materiaali: alumiini runko , akryylikupu<\/p>\n<p>V\u00e4ri: mattamusta<\/p>\n<p>Valoteho: 800lm<\/p>\n<p>Valonv\u00e4ri:3000K<\/p>\n<p>Leveys:\u00a0 600 mm<\/p>\n<p>Korkeus: 36mm<\/p>\n<p>Syvyys :80mm<\/p>\n<p>&nbsp;<\/p>\n","protected":false},"excerpt":{"rendered":"<p>Pelkistetty suoralinjainen sein\u00e4valaisin , valaisee yl\u00f6s- sek\u00e4 alasp\u00e4in. Sopii kodin kaikkiin tiloihin,my\u00f6s kylpyhuoneeseen. Materiaali: alumiini runko , akryylikupu V\u00e4ri: mattamusta Valoteho: 800lm Valonv\u00e4ri:3000K Leveys:\u00a0 600 mm Korkeus: 36mm Syvyys :80mm &nbsp;<\/p>\n","protected":false},"featured_media":11201,"comment_status":"closed","ping_status":"closed","template":"","meta":[],"product_brand":[],"product_cat":[48,51,42,35,34],"product_tag":[],"class_list":{"0":"post-11200","1":"product","2":"type-product","3":"status-publish","4":"has-post-thumbnail","6":"product_cat-kosteantilanvalaisimet","7":"product_cat-pinta-asennettavat","8":"product_cat-seinavalaisimet-sisavalaisimet","9":"product_cat-sisavalaisimet","10":"product_cat-valaisimet","12":"first","13":"instock","14":"taxable","15":"shipping-taxable","16":"purchasable","17":"product-type-simple"},"_links":{"self":[{"href":"https:\/\/www.ksttukku.fi\/kauppa\/wp-json\/wp\/v2\/product\/11200","targetHints":{"allow":["GET"]}}],"collection":[{"href":"https:\/\/www.ksttukku.fi\/kauppa\/wp-json\/wp\/v2\/product"}],"about":[{"href":"https:\/\/www.ksttukku.fi\/kauppa\/wp-json\/wp\/v2\/types\/product"}],"replies":[{"embeddable":true,"href":"https:\/\/www.ksttukku.fi\/kauppa\/wp-json\/wp\/v2\/comments?post=11200"}],"wp:featuredmedia":[{"embeddable":true,"href":"https:\/\/www.ksttukku.fi\/kauppa\/wp-json\/wp\/v2\/media\/11201"}],"wp:attachment":[{"href":"https:\/\/www.ksttukku.fi\/kauppa\/wp-json\/wp\/v2\/media?parent=11200"}],"wp:term":[{"taxonomy":"product_brand","embeddable":true,"href":"https:\/\/www.ksttukku.fi\/kauppa\/wp-json\/wp\/v2\/product_brand?post=11200"},{"taxonomy":"product_cat","embeddable":true,"href":"https:\/\/www.ksttukku.fi\/kauppa\/wp-json\/wp\/v2\/product_cat?post=11200"},{"taxonomy":"product_tag","embeddable":true,"href":"https:\/\/www.ksttukku.fi\/kauppa\/wp-json\/wp\/v2\/product_tag?post=11200"}],"curies":[{"name":"wp","href":"https:\/\/api.w.org\/{rel}","templated":true}]}}