{"id":11203,"date":"2022-10-07T14:34:09","date_gmt":"2022-10-07T11:34:09","guid":{"rendered":"https:\/\/www.ksttukku.fi\/kauppa\/?post_type=product&#038;p=11203"},"modified":"2022-10-07T14:34:10","modified_gmt":"2022-10-07T11:34:10","slug":"coolio-poytavalaisin-trio","status":"publish","type":"product","link":"https:\/\/www.ksttukku.fi\/kauppa\/tuote\/coolio-poytavalaisin-trio\/","title":{"rendered":"Coolio p\u00f6yt\u00e4valaisin trio"},"content":{"rendered":"<p>Hyv\u00e4ntuulisuutta ja\u00a0 pirteytt\u00e4 sisustukseen coolio p\u00f6yt\u00e4valaisimella.<\/p>\n<p>Kirkas keltainen keramiikkarunko .<\/p>\n<p>Kangasvarjostin vaalea.<\/p>\n<p>Korkeus : 260 mm<\/p>\n<p>Halkaisija:180 mm<\/p>\n<p>Kanta: E14<\/p>\n<p>Johto musta v\u00e4likytkimell\u00e4<\/p>\n","protected":false},"excerpt":{"rendered":"<p>Hyv\u00e4ntuulisuutta ja\u00a0 pirteytt\u00e4 sisustukseen coolio p\u00f6yt\u00e4valaisimella. Kirkas keltainen keramiikkarunko . Kangasvarjostin vaalea. Korkeus : 260 mm Halkaisija:180 mm Kanta: E14 Johto musta v\u00e4likytkimell\u00e4<\/p>\n","protected":false},"featured_media":11204,"comment_status":"closed","ping_status":"closed","template":"","meta":[],"product_brand":[],"product_cat":[44,35,34],"product_tag":[],"class_list":{"0":"post-11203","1":"product","2":"type-product","3":"status-publish","4":"has-post-thumbnail","6":"product_cat-poytavalaisimet","7":"product_cat-sisavalaisimet","8":"product_cat-valaisimet","10":"first","11":"instock","12":"taxable","13":"shipping-taxable","14":"purchasable","15":"product-type-simple"},"_links":{"self":[{"href":"https:\/\/www.ksttukku.fi\/kauppa\/wp-json\/wp\/v2\/product\/11203","targetHints":{"allow":["GET"]}}],"collection":[{"href":"https:\/\/www.ksttukku.fi\/kauppa\/wp-json\/wp\/v2\/product"}],"about":[{"href":"https:\/\/www.ksttukku.fi\/kauppa\/wp-json\/wp\/v2\/types\/product"}],"replies":[{"embeddable":true,"href":"https:\/\/www.ksttukku.fi\/kauppa\/wp-json\/wp\/v2\/comments?post=11203"}],"wp:featuredmedia":[{"embeddable":true,"href":"https:\/\/www.ksttukku.fi\/kauppa\/wp-json\/wp\/v2\/media\/11204"}],"wp:attachment":[{"href":"https:\/\/www.ksttukku.fi\/kauppa\/wp-json\/wp\/v2\/media?parent=11203"}],"wp:term":[{"taxonomy":"product_brand","embeddable":true,"href":"https:\/\/www.ksttukku.fi\/kauppa\/wp-json\/wp\/v2\/product_brand?post=11203"},{"taxonomy":"product_cat","embeddable":true,"href":"https:\/\/www.ksttukku.fi\/kauppa\/wp-json\/wp\/v2\/product_cat?post=11203"},{"taxonomy":"product_tag","embeddable":true,"href":"https:\/\/www.ksttukku.fi\/kauppa\/wp-json\/wp\/v2\/product_tag?post=11203"}],"curies":[{"name":"wp","href":"https:\/\/api.w.org\/{rel}","templated":true}]}}