{"id":11212,"date":"2022-10-08T10:59:40","date_gmt":"2022-10-08T07:59:40","guid":{"rendered":"https:\/\/www.ksttukku.fi\/kauppa\/?post_type=product&#038;p=11212"},"modified":"2022-10-08T11:08:10","modified_gmt":"2022-10-08T08:08:10","slug":"colono-riippuvalaisin-trio","status":"publish","type":"product","link":"https:\/\/www.ksttukku.fi\/kauppa\/tuote\/colono-riippuvalaisin-trio\/","title":{"rendered":"Colono riippuvalaisin trio"},"content":{"rendered":"<p>Kauniisti puus\u00e4leist\u00e4 muotoiltu valaisin.<\/p>\n<p>Puinen varjostin ja antrasiitin v\u00e4rinen kalusteosa luovat tyylikk\u00e4\u00e4n kokonaisuuden.<\/p>\n<p>Kanta: E27<\/p>\n<p>Rasiaruuvikiinnitys<\/p>\n<p>Halkaisija: 400mm<\/p>\n<p>Korkeus: 320 mm<\/p>\n<p>Kokonaiskorkeus: 1500 mm<\/p>\n<p>&nbsp;<\/p>\n<p>&nbsp;<\/p>\n<p>&nbsp;<\/p>\n","protected":false},"excerpt":{"rendered":"<p>Kauniisti puus\u00e4leist\u00e4 muotoiltu valaisin. Puinen varjostin ja antrasiitin v\u00e4rinen kalusteosa luovat tyylikk\u00e4\u00e4n kokonaisuuden. Kanta: E27 Rasiaruuvikiinnitys Halkaisija: 400mm Korkeus: 320 mm Kokonaiskorkeus: 1500 mm &nbsp; &nbsp; &nbsp;<\/p>\n","protected":false},"featured_media":11213,"comment_status":"closed","ping_status":"closed","template":"","meta":[],"product_brand":[],"product_cat":[49,35,34],"product_tag":[],"class_list":{"0":"post-11212","1":"product","2":"type-product","3":"status-publish","4":"has-post-thumbnail","6":"product_cat-riippuvalaisimet","7":"product_cat-sisavalaisimet","8":"product_cat-valaisimet","10":"first","11":"instock","12":"taxable","13":"shipping-taxable","14":"purchasable","15":"product-type-simple"},"_links":{"self":[{"href":"https:\/\/www.ksttukku.fi\/kauppa\/wp-json\/wp\/v2\/product\/11212","targetHints":{"allow":["GET"]}}],"collection":[{"href":"https:\/\/www.ksttukku.fi\/kauppa\/wp-json\/wp\/v2\/product"}],"about":[{"href":"https:\/\/www.ksttukku.fi\/kauppa\/wp-json\/wp\/v2\/types\/product"}],"replies":[{"embeddable":true,"href":"https:\/\/www.ksttukku.fi\/kauppa\/wp-json\/wp\/v2\/comments?post=11212"}],"wp:featuredmedia":[{"embeddable":true,"href":"https:\/\/www.ksttukku.fi\/kauppa\/wp-json\/wp\/v2\/media\/11213"}],"wp:attachment":[{"href":"https:\/\/www.ksttukku.fi\/kauppa\/wp-json\/wp\/v2\/media?parent=11212"}],"wp:term":[{"taxonomy":"product_brand","embeddable":true,"href":"https:\/\/www.ksttukku.fi\/kauppa\/wp-json\/wp\/v2\/product_brand?post=11212"},{"taxonomy":"product_cat","embeddable":true,"href":"https:\/\/www.ksttukku.fi\/kauppa\/wp-json\/wp\/v2\/product_cat?post=11212"},{"taxonomy":"product_tag","embeddable":true,"href":"https:\/\/www.ksttukku.fi\/kauppa\/wp-json\/wp\/v2\/product_tag?post=11212"}],"curies":[{"name":"wp","href":"https:\/\/api.w.org\/{rel}","templated":true}]}}