{"id":11239,"date":"2022-10-10T16:11:54","date_gmt":"2022-10-10T13:11:54","guid":{"rendered":"https:\/\/www.ksttukku.fi\/kauppa\/?post_type=product&#038;p=11239"},"modified":"2022-10-10T16:11:55","modified_gmt":"2022-10-10T13:11:55","slug":"tobaco-3-osainen-pyorea-kattospotti-musta","status":"publish","type":"product","link":"https:\/\/www.ksttukku.fi\/kauppa\/tuote\/tobaco-3-osainen-pyorea-kattospotti-musta\/","title":{"rendered":"Tobaco 3-osainen py\u00f6re\u00e4 kattospotti musta"},"content":{"rendered":"<p data-sanitized-data-mce-fragment=\"1\">Mattamusta metallinen kohdevalaisin py\u00f6re\u00e4.<\/p>\n<p data-sanitized-data-mce-fragment=\"1\">3 k\u00e4\u00e4ntyv\u00e4\u00e4 spottia.<\/p>\n<p data-sanitized-data-mce-fragment=\"1\">Kanta: E14<\/p>\n<p data-sanitized-data-mce-fragment=\"1\">Rasiaruuvikiinnitys<\/p>\n","protected":false},"excerpt":{"rendered":"<p>Mattamusta metallinen kohdevalaisin py\u00f6re\u00e4. 3 k\u00e4\u00e4ntyv\u00e4\u00e4 spottia. Kanta: E14 Rasiaruuvikiinnitys<\/p>\n","protected":false},"featured_media":11240,"comment_status":"closed","ping_status":"closed","template":"","meta":[],"product_brand":[],"product_cat":[40,41,35,34],"product_tag":[],"class_list":{"0":"post-11239","1":"product","2":"type-product","3":"status-publish","4":"has-post-thumbnail","6":"product_cat-kattovalaisimet","7":"product_cat-kohdevalaisimet","8":"product_cat-sisavalaisimet","9":"product_cat-valaisimet","11":"first","12":"instock","13":"taxable","14":"shipping-taxable","15":"purchasable","16":"product-type-simple"},"_links":{"self":[{"href":"https:\/\/www.ksttukku.fi\/kauppa\/wp-json\/wp\/v2\/product\/11239","targetHints":{"allow":["GET"]}}],"collection":[{"href":"https:\/\/www.ksttukku.fi\/kauppa\/wp-json\/wp\/v2\/product"}],"about":[{"href":"https:\/\/www.ksttukku.fi\/kauppa\/wp-json\/wp\/v2\/types\/product"}],"replies":[{"embeddable":true,"href":"https:\/\/www.ksttukku.fi\/kauppa\/wp-json\/wp\/v2\/comments?post=11239"}],"wp:featuredmedia":[{"embeddable":true,"href":"https:\/\/www.ksttukku.fi\/kauppa\/wp-json\/wp\/v2\/media\/11240"}],"wp:attachment":[{"href":"https:\/\/www.ksttukku.fi\/kauppa\/wp-json\/wp\/v2\/media?parent=11239"}],"wp:term":[{"taxonomy":"product_brand","embeddable":true,"href":"https:\/\/www.ksttukku.fi\/kauppa\/wp-json\/wp\/v2\/product_brand?post=11239"},{"taxonomy":"product_cat","embeddable":true,"href":"https:\/\/www.ksttukku.fi\/kauppa\/wp-json\/wp\/v2\/product_cat?post=11239"},{"taxonomy":"product_tag","embeddable":true,"href":"https:\/\/www.ksttukku.fi\/kauppa\/wp-json\/wp\/v2\/product_tag?post=11239"}],"curies":[{"name":"wp","href":"https:\/\/api.w.org\/{rel}","templated":true}]}}