{"id":11245,"date":"2022-10-12T11:22:31","date_gmt":"2022-10-12T08:22:31","guid":{"rendered":"https:\/\/www.ksttukku.fi\/kauppa\/?post_type=product&#038;p=11245"},"modified":"2024-08-22T16:36:49","modified_gmt":"2024-08-22T13:36:49","slug":"flipper-kattosuihkusetti-musta","status":"publish","type":"product","link":"https:\/\/www.ksttukku.fi\/kauppa\/tuote\/flipper-kattosuihkusetti-musta\/","title":{"rendered":"Flipper kattosuihkusetti musta"},"content":{"rendered":"<p>Ylellinen musta suihkupaneeli, jossa kattosuihku ja k\u00e4sisuihku.<\/p>\n<ul>\n<li>Sis\u00e4lt\u00e4\u00e4 kattosuihkun, k\u00e4sisuihkun ja niiden valitsimen<\/li>\n<li>K\u00e4sisuihkun pidikkeen korkeus s\u00e4\u00e4dett\u00e4v\u00e4, letkun pituus on 150 cm<\/li>\n<li>Liitosletku olemassa olevaan sekoittajaan 80 cm, kierre sopii suomalaisiin sekoittajiin<\/li>\n<li>Putkessa liukuvat s\u00e4\u00e4dett\u00e4v\u00e4t kiinnikkeet, voi hy\u00f6dynt\u00e4\u00e4 vanhat rei\u00e4t<\/li>\n<li>Yl\u00e4suihkun halkaisija \u00d8 23 cm.<\/li>\n<\/ul>\n","protected":false},"excerpt":{"rendered":"<p>Ylellinen musta suihkupaneeli, jossa kattosuihku ja k\u00e4sisuihku. Sis\u00e4lt\u00e4\u00e4 kattosuihkun, k\u00e4sisuihkun ja niiden valitsimen K\u00e4sisuihkun pidikkeen korkeus s\u00e4\u00e4dett\u00e4v\u00e4, letkun pituus on 150 cm Liitosletku olemassa olevaan sekoittajaan 80 cm, kierre sopii suomalaisiin sekoittajiin Putkessa liukuvat s\u00e4\u00e4dett\u00e4v\u00e4t kiinnikkeet, voi hy\u00f6dynt\u00e4\u00e4 vanhat rei\u00e4t Yl\u00e4suihkun halkaisija \u00d8 23 cm.<\/p>\n","protected":false},"featured_media":11246,"comment_status":"closed","ping_status":"closed","template":"","meta":[],"product_brand":[],"product_cat":[374,478,150],"product_tag":[],"class_list":{"0":"post-11245","1":"product","2":"type-product","3":"status-publish","4":"has-post-thumbnail","6":"product_cat-hanat","7":"product_cat-hanat-altaat","8":"product_cat-kylpyhuone","10":"first","11":"outofstock","12":"taxable","13":"shipping-taxable","14":"purchasable","15":"product-type-simple"},"_links":{"self":[{"href":"https:\/\/www.ksttukku.fi\/kauppa\/wp-json\/wp\/v2\/product\/11245","targetHints":{"allow":["GET"]}}],"collection":[{"href":"https:\/\/www.ksttukku.fi\/kauppa\/wp-json\/wp\/v2\/product"}],"about":[{"href":"https:\/\/www.ksttukku.fi\/kauppa\/wp-json\/wp\/v2\/types\/product"}],"replies":[{"embeddable":true,"href":"https:\/\/www.ksttukku.fi\/kauppa\/wp-json\/wp\/v2\/comments?post=11245"}],"wp:featuredmedia":[{"embeddable":true,"href":"https:\/\/www.ksttukku.fi\/kauppa\/wp-json\/wp\/v2\/media\/11246"}],"wp:attachment":[{"href":"https:\/\/www.ksttukku.fi\/kauppa\/wp-json\/wp\/v2\/media?parent=11245"}],"wp:term":[{"taxonomy":"product_brand","embeddable":true,"href":"https:\/\/www.ksttukku.fi\/kauppa\/wp-json\/wp\/v2\/product_brand?post=11245"},{"taxonomy":"product_cat","embeddable":true,"href":"https:\/\/www.ksttukku.fi\/kauppa\/wp-json\/wp\/v2\/product_cat?post=11245"},{"taxonomy":"product_tag","embeddable":true,"href":"https:\/\/www.ksttukku.fi\/kauppa\/wp-json\/wp\/v2\/product_tag?post=11245"}],"curies":[{"name":"wp","href":"https:\/\/api.w.org\/{rel}","templated":true}]}}