{"id":11249,"date":"2022-10-14T17:49:15","date_gmt":"2022-10-14T14:49:15","guid":{"rendered":"https:\/\/www.ksttukku.fi\/kauppa\/?post_type=product&#038;p=11249"},"modified":"2024-12-20T12:22:20","modified_gmt":"2024-12-20T10:22:20","slug":"star-led-lamppu-illumination-364-31-1","status":"publish","type":"product","link":"https:\/\/www.ksttukku.fi\/kauppa\/tuote\/star-led-lamppu-illumination-364-31-1\/","title":{"rendered":"Star Led-lamppu illumination 364-31-1"},"content":{"rendered":"<section class=\"content-box\">\n<div class=\"product-details\">\n<ul>\n<li>\n<div>Materiaali: Muovi<\/div>\n<\/li>\n<li>\n<div>valovirta: 1600lm<\/div>\n<\/li>\n<li>\n<div>V\u00e4ril\u00e4mp\u00f6: 3000 K<\/div>\n<\/li>\n<li>\n<div>Mitat: 110.0 mm x 190.0 mm x 190.0 mm<\/div>\n<\/li>\n<\/ul>\n<\/div>\n<\/section>\n<section class=\"content-box\">Illumination LED High Lumen. Himmennett\u00e4v\u00e4. Vastaa 104W hehkulamppua.<br \/>\nIP20. E27, 25W, 115 mA, 3000K, 1600 lm.<br \/>\nK\u00e4ytt\u00f6l\u00e4mp\u00f6tila: -20\u00b0 &#8211; +40\u00b0C.<\/section>\n<section><\/section>\n","protected":false},"excerpt":{"rendered":"<p>Materiaali: Muovi valovirta: 1600lm V\u00e4ril\u00e4mp\u00f6: 3000 K Mitat: 110.0 mm x 190.0 mm x 190.0 mm Illumination LED High Lumen. Himmennett\u00e4v\u00e4. Vastaa 104W hehkulamppua. IP20. E27, 25W, 115 mA, 3000K, 1600 lm. K\u00e4ytt\u00f6l\u00e4mp\u00f6tila: -20\u00b0 &#8211; +40\u00b0C.<\/p>\n","protected":false},"featured_media":11251,"comment_status":"closed","ping_status":"closed","template":"","meta":[],"product_brand":[],"product_cat":[188,187,186,185,189],"product_tag":[],"class_list":{"0":"post-11249","1":"product","2":"type-product","3":"status-publish","4":"has-post-thumbnail","6":"product_cat-himmennettavat-lamput","7":"product_cat-kohdelamput","8":"product_cat-ledlamput","9":"product_cat-lamput","10":"product_cat-muut-ledlamput","12":"first","13":"instock","14":"taxable","15":"shipping-taxable","16":"purchasable","17":"product-type-simple"},"_links":{"self":[{"href":"https:\/\/www.ksttukku.fi\/kauppa\/wp-json\/wp\/v2\/product\/11249","targetHints":{"allow":["GET"]}}],"collection":[{"href":"https:\/\/www.ksttukku.fi\/kauppa\/wp-json\/wp\/v2\/product"}],"about":[{"href":"https:\/\/www.ksttukku.fi\/kauppa\/wp-json\/wp\/v2\/types\/product"}],"replies":[{"embeddable":true,"href":"https:\/\/www.ksttukku.fi\/kauppa\/wp-json\/wp\/v2\/comments?post=11249"}],"wp:featuredmedia":[{"embeddable":true,"href":"https:\/\/www.ksttukku.fi\/kauppa\/wp-json\/wp\/v2\/media\/11251"}],"wp:attachment":[{"href":"https:\/\/www.ksttukku.fi\/kauppa\/wp-json\/wp\/v2\/media?parent=11249"}],"wp:term":[{"taxonomy":"product_brand","embeddable":true,"href":"https:\/\/www.ksttukku.fi\/kauppa\/wp-json\/wp\/v2\/product_brand?post=11249"},{"taxonomy":"product_cat","embeddable":true,"href":"https:\/\/www.ksttukku.fi\/kauppa\/wp-json\/wp\/v2\/product_cat?post=11249"},{"taxonomy":"product_tag","embeddable":true,"href":"https:\/\/www.ksttukku.fi\/kauppa\/wp-json\/wp\/v2\/product_tag?post=11249"}],"curies":[{"name":"wp","href":"https:\/\/api.w.org\/{rel}","templated":true}]}}