{"id":11258,"date":"2022-10-17T17:36:01","date_gmt":"2022-10-17T14:36:01","guid":{"rendered":"https:\/\/www.ksttukku.fi\/kauppa\/?post_type=product&#038;p=11258"},"modified":"2026-01-12T15:55:12","modified_gmt":"2026-01-12T13:55:12","slug":"flamme-kynttilat-pidikkeella-8-kpl-sr-003-44","status":"publish","type":"product","link":"https:\/\/www.ksttukku.fi\/kauppa\/tuote\/flamme-kynttilat-pidikkeella-8-kpl-sr-003-44\/","title":{"rendered":"Flamme kynttil\u00e4t pidikkeell\u00e4 8 kpl SR-003-44"},"content":{"rendered":"<p>Paristok\u00e4ytt\u00f6inen Flamme-joulunkuusenkynttil\u00e4sarja sis\u00e4k\u00e4ytt\u00f6\u00f6n. Kynttil\u00e4t ovat muovia ja<br \/>\npidikkeet kullanv\u00e4rist\u00e4 metallia syd\u00e4nkoristein.<br \/>\nKaukos\u00e4\u00e4timell\u00e4 kynttil\u00e4t voi ajastaa, valita valovoimakkuuden ja tasaisena palavan tai<br \/>\nliekehtiv\u00e4n valon.<br \/>\nValon s\u00e4vy: l\u00e4mmin valkoinen.<br \/>\nIP20. 8 x kiinte\u00e4 LED 0,03W, 1,5V.<br \/>\nKynttil\u00e4sarja toimii kahdeksalla AAA-paristolla, jotka eiv\u00e4t sis\u00e4lly pakkaukseen.<br \/>\nKaukos\u00e4\u00e4din toimii CR2032-paristolla, joka sis\u00e4ltyy.<br \/>\nAjastin 4 tai 8 h p\u00e4\u00e4ll\u00e4.<\/p>\n","protected":false},"excerpt":{"rendered":"<p>Paristok\u00e4ytt\u00f6inen Flamme-joulunkuusenkynttil\u00e4sarja sis\u00e4k\u00e4ytt\u00f6\u00f6n. Kynttil\u00e4t ovat muovia ja pidikkeet kullanv\u00e4rist\u00e4 metallia syd\u00e4nkoristein. Kaukos\u00e4\u00e4timell\u00e4 kynttil\u00e4t voi ajastaa, valita valovoimakkuuden ja tasaisena palavan tai liekehtiv\u00e4n valon. Valon s\u00e4vy: l\u00e4mmin valkoinen. IP20. 8 x kiinte\u00e4 LED 0,03W, 1,5V. Kynttil\u00e4sarja toimii kahdeksalla AAA-paristolla, jotka eiv\u00e4t sis\u00e4lly pakkaukseen. Kaukos\u00e4\u00e4din toimii CR2032-paristolla, joka sis\u00e4ltyy. Ajastin 4 tai 8 h p\u00e4\u00e4ll\u00e4.<\/p>\n","protected":false},"featured_media":11259,"comment_status":"closed","ping_status":"closed","template":"","meta":[],"product_brand":[],"product_cat":[176,197,199,180],"product_tag":[],"class_list":{"0":"post-11258","1":"product","2":"type-product","3":"status-publish","4":"has-post-thumbnail","6":"product_cat-joulu-ja-koristevalot","7":"product_cat-joulukuusen-valosarjat","8":"product_cat-koristevalot","9":"product_cat-paristovalosarjat","11":"first","12":"instock","13":"taxable","14":"shipping-taxable","15":"purchasable","16":"product-type-simple"},"_links":{"self":[{"href":"https:\/\/www.ksttukku.fi\/kauppa\/wp-json\/wp\/v2\/product\/11258","targetHints":{"allow":["GET"]}}],"collection":[{"href":"https:\/\/www.ksttukku.fi\/kauppa\/wp-json\/wp\/v2\/product"}],"about":[{"href":"https:\/\/www.ksttukku.fi\/kauppa\/wp-json\/wp\/v2\/types\/product"}],"replies":[{"embeddable":true,"href":"https:\/\/www.ksttukku.fi\/kauppa\/wp-json\/wp\/v2\/comments?post=11258"}],"wp:featuredmedia":[{"embeddable":true,"href":"https:\/\/www.ksttukku.fi\/kauppa\/wp-json\/wp\/v2\/media\/11259"}],"wp:attachment":[{"href":"https:\/\/www.ksttukku.fi\/kauppa\/wp-json\/wp\/v2\/media?parent=11258"}],"wp:term":[{"taxonomy":"product_brand","embeddable":true,"href":"https:\/\/www.ksttukku.fi\/kauppa\/wp-json\/wp\/v2\/product_brand?post=11258"},{"taxonomy":"product_cat","embeddable":true,"href":"https:\/\/www.ksttukku.fi\/kauppa\/wp-json\/wp\/v2\/product_cat?post=11258"},{"taxonomy":"product_tag","embeddable":true,"href":"https:\/\/www.ksttukku.fi\/kauppa\/wp-json\/wp\/v2\/product_tag?post=11258"}],"curies":[{"name":"wp","href":"https:\/\/api.w.org\/{rel}","templated":true}]}}