{"id":11273,"date":"2022-10-18T12:51:03","date_gmt":"2022-10-18T09:51:03","guid":{"rendered":"https:\/\/www.ksttukku.fi\/kauppa\/?post_type=product&#038;p=11273"},"modified":"2022-11-16T17:21:21","modified_gmt":"2022-11-16T15:21:21","slug":"dot-flamme-led-kynttila-harmaa-125-cm","status":"publish","type":"product","link":"https:\/\/www.ksttukku.fi\/kauppa\/tuote\/dot-flamme-led-kynttila-harmaa-125-cm\/","title":{"rendered":"Dot Flamme Led-kynttil\u00e4 harmaa 12,5 cm"},"content":{"rendered":"<p>Vahasta valmistettu neliskanttinen\u00a0 harmaa kuplakynttil\u00e4 aidon n\u00e4k\u00f6isell\u00e4 LED-liekill\u00e4.<br \/>\nValon s\u00e4vy: l\u00e4mmin valkoinen.<\/p>\n<p>IP20. Kiinte\u00e4 LED 0,03W, 10 mA, 3V.<br \/>\nKynttil\u00e4 toimii kahdella AA-paristolla, jotka eiv\u00e4t sis\u00e4lly pakkaukseen.<br \/>\nAjastin 6 h p\u00e4\u00e4ll\u00e4, 18 h pois, toistuva.<br \/>\n3V DC.<\/p>\n<p>korkeus: 12,5cm<\/p>\n<p>leveys: 10cm<\/p>\n","protected":false},"excerpt":{"rendered":"<p>Vahasta valmistettu neliskanttinen\u00a0 harmaa kuplakynttil\u00e4 aidon n\u00e4k\u00f6isell\u00e4 LED-liekill\u00e4. Valon s\u00e4vy: l\u00e4mmin valkoinen. IP20. Kiinte\u00e4 LED 0,03W, 10 mA, 3V. Kynttil\u00e4 toimii kahdella AA-paristolla, jotka eiv\u00e4t sis\u00e4lly pakkaukseen. Ajastin 6 h p\u00e4\u00e4ll\u00e4, 18 h pois, toistuva. 3V DC. korkeus: 12,5cm leveys: 10cm<\/p>\n","protected":false},"featured_media":11274,"comment_status":"closed","ping_status":"closed","template":"","meta":[],"product_brand":[],"product_cat":[176,199,484,377],"product_tag":[],"class_list":{"0":"post-11273","1":"product","2":"type-product","3":"status-publish","4":"has-post-thumbnail","6":"product_cat-joulu-ja-koristevalot","7":"product_cat-koristevalot","8":"product_cat-lyhdyt","9":"product_cat-sisustus-lahjatavarat","11":"first","12":"instock","13":"taxable","14":"shipping-taxable","15":"purchasable","16":"product-type-simple"},"_links":{"self":[{"href":"https:\/\/www.ksttukku.fi\/kauppa\/wp-json\/wp\/v2\/product\/11273","targetHints":{"allow":["GET"]}}],"collection":[{"href":"https:\/\/www.ksttukku.fi\/kauppa\/wp-json\/wp\/v2\/product"}],"about":[{"href":"https:\/\/www.ksttukku.fi\/kauppa\/wp-json\/wp\/v2\/types\/product"}],"replies":[{"embeddable":true,"href":"https:\/\/www.ksttukku.fi\/kauppa\/wp-json\/wp\/v2\/comments?post=11273"}],"wp:featuredmedia":[{"embeddable":true,"href":"https:\/\/www.ksttukku.fi\/kauppa\/wp-json\/wp\/v2\/media\/11274"}],"wp:attachment":[{"href":"https:\/\/www.ksttukku.fi\/kauppa\/wp-json\/wp\/v2\/media?parent=11273"}],"wp:term":[{"taxonomy":"product_brand","embeddable":true,"href":"https:\/\/www.ksttukku.fi\/kauppa\/wp-json\/wp\/v2\/product_brand?post=11273"},{"taxonomy":"product_cat","embeddable":true,"href":"https:\/\/www.ksttukku.fi\/kauppa\/wp-json\/wp\/v2\/product_cat?post=11273"},{"taxonomy":"product_tag","embeddable":true,"href":"https:\/\/www.ksttukku.fi\/kauppa\/wp-json\/wp\/v2\/product_tag?post=11273"}],"curies":[{"name":"wp","href":"https:\/\/api.w.org\/{rel}","templated":true}]}}