{"id":11282,"date":"2022-10-18T16:08:42","date_gmt":"2022-10-18T13:08:42","guid":{"rendered":"https:\/\/www.ksttukku.fi\/kauppa\/?post_type=product&#038;p=11282"},"modified":"2022-10-18T16:08:42","modified_gmt":"2022-10-18T13:08:42","slug":"decoled-amber-lamppu-2000k-30lm","status":"publish","type":"product","link":"https:\/\/www.ksttukku.fi\/kauppa\/tuote\/decoled-amber-lamppu-2000k-30lm\/","title":{"rendered":"Decoled Amber lamppu  2000K  30lm"},"content":{"rendered":"<p>Decoled-lamppu, lasin v\u00e4ri amber (meripihka).<br \/>\nIP44. E14, 0,5W, 6 mA, 2000K, 30 lm, 80Ra.<br \/>\nPaloaika n. 15 000 h, sytytyskertoja 12 500.<br \/>\nK\u00e4ytt\u00f6l\u00e4mp\u00f6tila: -20\u00b0 &#8211; +40\u00b0C.<br \/>\nEnergialuokka A++.<\/p>\n<p>Mitat: 58.0 mm x 26.0 mm x 26.0 mm<\/p>\n","protected":false},"excerpt":{"rendered":"<p>Decoled-lamppu, lasin v\u00e4ri amber (meripihka). IP44. E14, 0,5W, 6 mA, 2000K, 30 lm, 80Ra. Paloaika n. 15 000 h, sytytyskertoja 12 500. K\u00e4ytt\u00f6l\u00e4mp\u00f6tila: -20\u00b0 &#8211; +40\u00b0C. Energialuokka A++. Mitat: 58.0 mm x 26.0 mm x 26.0 mm<\/p>\n","protected":false},"featured_media":11283,"comment_status":"closed","ping_status":"closed","template":"","meta":[],"product_brand":[],"product_cat":[186,185,189],"product_tag":[],"class_list":{"0":"post-11282","1":"product","2":"type-product","3":"status-publish","4":"has-post-thumbnail","6":"product_cat-ledlamput","7":"product_cat-lamput","8":"product_cat-muut-ledlamput","10":"first","11":"instock","12":"taxable","13":"shipping-taxable","14":"purchasable","15":"product-type-simple"},"_links":{"self":[{"href":"https:\/\/www.ksttukku.fi\/kauppa\/wp-json\/wp\/v2\/product\/11282","targetHints":{"allow":["GET"]}}],"collection":[{"href":"https:\/\/www.ksttukku.fi\/kauppa\/wp-json\/wp\/v2\/product"}],"about":[{"href":"https:\/\/www.ksttukku.fi\/kauppa\/wp-json\/wp\/v2\/types\/product"}],"replies":[{"embeddable":true,"href":"https:\/\/www.ksttukku.fi\/kauppa\/wp-json\/wp\/v2\/comments?post=11282"}],"wp:featuredmedia":[{"embeddable":true,"href":"https:\/\/www.ksttukku.fi\/kauppa\/wp-json\/wp\/v2\/media\/11283"}],"wp:attachment":[{"href":"https:\/\/www.ksttukku.fi\/kauppa\/wp-json\/wp\/v2\/media?parent=11282"}],"wp:term":[{"taxonomy":"product_brand","embeddable":true,"href":"https:\/\/www.ksttukku.fi\/kauppa\/wp-json\/wp\/v2\/product_brand?post=11282"},{"taxonomy":"product_cat","embeddable":true,"href":"https:\/\/www.ksttukku.fi\/kauppa\/wp-json\/wp\/v2\/product_cat?post=11282"},{"taxonomy":"product_tag","embeddable":true,"href":"https:\/\/www.ksttukku.fi\/kauppa\/wp-json\/wp\/v2\/product_tag?post=11282"}],"curies":[{"name":"wp","href":"https:\/\/api.w.org\/{rel}","templated":true}]}}