{"id":11284,"date":"2022-10-18T16:28:02","date_gmt":"2022-10-18T13:28:02","guid":{"rendered":"https:\/\/www.ksttukku.fi\/kauppa\/?post_type=product&#038;p=11284"},"modified":"2022-10-18T16:28:02","modified_gmt":"2022-10-18T13:28:02","slug":"galaxy-paperitahti-100-cm-valkoinen","status":"publish","type":"product","link":"https:\/\/www.ksttukku.fi\/kauppa\/tuote\/galaxy-paperitahti-100-cm-valkoinen\/","title":{"rendered":"Galaxy paperit\u00e4hti 100 cm valkoinen"},"content":{"rendered":"<p>Riippuva paperit\u00e4hti. Ei sis\u00e4ll\u00e4 valonl\u00e4hdett\u00e4.<br \/>\nIP20. E14-kanta, max. 25W.<br \/>\nEnergialuokka: A++ &#8211; E (valonl\u00e4hteest\u00e4 riippuen).<br \/>\nVirtajohdon pituus 350 cm.<\/p>\n","protected":false},"excerpt":{"rendered":"<p>Riippuva paperit\u00e4hti. Ei sis\u00e4ll\u00e4 valonl\u00e4hdett\u00e4. IP20. E14-kanta, max. 25W. Energialuokka: A++ &#8211; E (valonl\u00e4hteest\u00e4 riippuen). Virtajohdon pituus 350 cm.<\/p>\n","protected":false},"featured_media":11285,"comment_status":"closed","ping_status":"closed","template":"","meta":[],"product_brand":[],"product_cat":[176,198],"product_tag":[],"class_list":{"0":"post-11284","1":"product","2":"type-product","3":"status-publish","4":"has-post-thumbnail","6":"product_cat-joulu-ja-koristevalot","7":"product_cat-paperitahdet","9":"first","10":"instock","11":"taxable","12":"shipping-taxable","13":"purchasable","14":"product-type-simple"},"_links":{"self":[{"href":"https:\/\/www.ksttukku.fi\/kauppa\/wp-json\/wp\/v2\/product\/11284","targetHints":{"allow":["GET"]}}],"collection":[{"href":"https:\/\/www.ksttukku.fi\/kauppa\/wp-json\/wp\/v2\/product"}],"about":[{"href":"https:\/\/www.ksttukku.fi\/kauppa\/wp-json\/wp\/v2\/types\/product"}],"replies":[{"embeddable":true,"href":"https:\/\/www.ksttukku.fi\/kauppa\/wp-json\/wp\/v2\/comments?post=11284"}],"wp:featuredmedia":[{"embeddable":true,"href":"https:\/\/www.ksttukku.fi\/kauppa\/wp-json\/wp\/v2\/media\/11285"}],"wp:attachment":[{"href":"https:\/\/www.ksttukku.fi\/kauppa\/wp-json\/wp\/v2\/media?parent=11284"}],"wp:term":[{"taxonomy":"product_brand","embeddable":true,"href":"https:\/\/www.ksttukku.fi\/kauppa\/wp-json\/wp\/v2\/product_brand?post=11284"},{"taxonomy":"product_cat","embeddable":true,"href":"https:\/\/www.ksttukku.fi\/kauppa\/wp-json\/wp\/v2\/product_cat?post=11284"},{"taxonomy":"product_tag","embeddable":true,"href":"https:\/\/www.ksttukku.fi\/kauppa\/wp-json\/wp\/v2\/product_tag?post=11284"}],"curies":[{"name":"wp","href":"https:\/\/api.w.org\/{rel}","templated":true}]}}