{"id":11292,"date":"2022-10-18T17:51:17","date_gmt":"2022-10-18T14:51:17","guid":{"rendered":"https:\/\/www.ksttukku.fi\/kauppa\/?post_type=product&#038;p=11292"},"modified":"2022-10-18T17:51:17","modified_gmt":"2022-10-18T14:51:17","slug":"dial-riippuvalaisin-valkoinen","status":"publish","type":"product","link":"https:\/\/www.ksttukku.fi\/kauppa\/tuote\/dial-riippuvalaisin-valkoinen\/","title":{"rendered":"Dial riippuvalaisin valkoinen"},"content":{"rendered":"<p>Metallista valmistettu Dial on moderni ja trendik\u00e4s, skandinaavinen ja k\u00e4yt\u00e4nn\u00f6llinen riippuvalaisin, jonka muotoilun inspiraationa ovat olleet 50-luvun valaisimet. Varjostimen avoin, geometrinen muoto luo hyv\u00e4n valaistuksen. Varjostin on yl\u00e4osasta auki, joten Dial-riippuvalaisin valaisee my\u00f6s yl\u00f6sp\u00e4in.<br \/>\nIP20, luokka 2. E27, max 40W. Ei sis\u00e4ll\u00e4 valonl\u00e4hdett\u00e4.<br \/>\nRipustusjohdon pituus 200 cm.<br \/>\nKattokupin halkaisija 12 cm ja korkeus 9 cm.<br \/>\nKoukkukiinnitys, sokeripalaliit\u00e4nt\u00e4.<\/p>\n<p>Korkeus: 13,5 cm<br \/>\nHalkaisija: 25 cm<\/p>\n","protected":false},"excerpt":{"rendered":"<p>Metallista valmistettu Dial on moderni ja trendik\u00e4s, skandinaavinen ja k\u00e4yt\u00e4nn\u00f6llinen riippuvalaisin, jonka muotoilun inspiraationa ovat olleet 50-luvun valaisimet. Varjostimen avoin, geometrinen muoto luo hyv\u00e4n valaistuksen. Varjostin on yl\u00e4osasta auki, joten Dial-riippuvalaisin valaisee my\u00f6s yl\u00f6sp\u00e4in. IP20, luokka 2. E27, max 40W. Ei sis\u00e4ll\u00e4 valonl\u00e4hdett\u00e4. Ripustusjohdon pituus 200 cm. Kattokupin halkaisija 12 cm ja korkeus 9 cm. [&hellip;]<\/p>\n","protected":false},"featured_media":11293,"comment_status":"closed","ping_status":"closed","template":"","meta":[],"product_brand":[],"product_cat":[49,35,34],"product_tag":[],"class_list":{"0":"post-11292","1":"product","2":"type-product","3":"status-publish","4":"has-post-thumbnail","6":"product_cat-riippuvalaisimet","7":"product_cat-sisavalaisimet","8":"product_cat-valaisimet","10":"first","11":"instock","12":"taxable","13":"shipping-taxable","14":"purchasable","15":"product-type-simple"},"_links":{"self":[{"href":"https:\/\/www.ksttukku.fi\/kauppa\/wp-json\/wp\/v2\/product\/11292","targetHints":{"allow":["GET"]}}],"collection":[{"href":"https:\/\/www.ksttukku.fi\/kauppa\/wp-json\/wp\/v2\/product"}],"about":[{"href":"https:\/\/www.ksttukku.fi\/kauppa\/wp-json\/wp\/v2\/types\/product"}],"replies":[{"embeddable":true,"href":"https:\/\/www.ksttukku.fi\/kauppa\/wp-json\/wp\/v2\/comments?post=11292"}],"wp:featuredmedia":[{"embeddable":true,"href":"https:\/\/www.ksttukku.fi\/kauppa\/wp-json\/wp\/v2\/media\/11293"}],"wp:attachment":[{"href":"https:\/\/www.ksttukku.fi\/kauppa\/wp-json\/wp\/v2\/media?parent=11292"}],"wp:term":[{"taxonomy":"product_brand","embeddable":true,"href":"https:\/\/www.ksttukku.fi\/kauppa\/wp-json\/wp\/v2\/product_brand?post=11292"},{"taxonomy":"product_cat","embeddable":true,"href":"https:\/\/www.ksttukku.fi\/kauppa\/wp-json\/wp\/v2\/product_cat?post=11292"},{"taxonomy":"product_tag","embeddable":true,"href":"https:\/\/www.ksttukku.fi\/kauppa\/wp-json\/wp\/v2\/product_tag?post=11292"}],"curies":[{"name":"wp","href":"https:\/\/api.w.org\/{rel}","templated":true}]}}