{"id":11298,"date":"2022-10-19T15:31:47","date_gmt":"2022-10-19T12:31:47","guid":{"rendered":"https:\/\/www.ksttukku.fi\/kauppa\/?post_type=product&#038;p=11298"},"modified":"2022-10-19T15:37:10","modified_gmt":"2022-10-19T12:37:10","slug":"11298","status":"publish","type":"product","link":"https:\/\/www.ksttukku.fi\/kauppa\/tuote\/11298\/","title":{"rendered":"Star kuusenvalosarja IP 44"},"content":{"rendered":"<p>Joulukuusenvalosarja ulko- ja sis\u00e4k\u00e4ytt\u00f6\u00f6n.<\/p>\n<p>Valon s\u00e4vy: ekstral\u00e4mmin valkoinen 2000K<br \/>\nTummanvihre\u00e4 kaapeli.<br \/>\nIP44. 360 x kiinte\u00e4 LED, 5,75W, 250 mA, 24V, 1900K. Paloaika n. 7 000 h.<br \/>\nLamppujen v\u00e4li: 7 cm<\/p>\n<p>8 kpl valokaapelia renkaassa 2metri\u00e4 korkeus<\/p>\n<p>Muuntaja: 24V DC 6W IP44 Schuko-liit\u00e4nt\u00e4.<br \/>\n500 cm pitk\u00e4 virtajohto.<\/p>\n","protected":false},"excerpt":{"rendered":"<p>Joulukuusenvalosarja ulko- ja sis\u00e4k\u00e4ytt\u00f6\u00f6n. Valon s\u00e4vy: ekstral\u00e4mmin valkoinen 2000K Tummanvihre\u00e4 kaapeli. IP44. 360 x kiinte\u00e4 LED, 5,75W, 250 mA, 24V, 1900K. Paloaika n. 7 000 h. Lamppujen v\u00e4li: 7 cm 8 kpl valokaapelia renkaassa 2metri\u00e4 korkeus Muuntaja: 24V DC 6W IP44 Schuko-liit\u00e4nt\u00e4. 500 cm pitk\u00e4 virtajohto.<\/p>\n","protected":false},"featured_media":11300,"comment_status":"closed","ping_status":"closed","template":"","meta":[],"product_brand":[],"product_cat":[176,197],"product_tag":[],"class_list":{"0":"post-11298","1":"product","2":"type-product","3":"status-publish","4":"has-post-thumbnail","6":"product_cat-joulu-ja-koristevalot","7":"product_cat-joulukuusen-valosarjat","9":"first","10":"instock","11":"taxable","12":"shipping-taxable","13":"purchasable","14":"product-type-simple"},"_links":{"self":[{"href":"https:\/\/www.ksttukku.fi\/kauppa\/wp-json\/wp\/v2\/product\/11298","targetHints":{"allow":["GET"]}}],"collection":[{"href":"https:\/\/www.ksttukku.fi\/kauppa\/wp-json\/wp\/v2\/product"}],"about":[{"href":"https:\/\/www.ksttukku.fi\/kauppa\/wp-json\/wp\/v2\/types\/product"}],"replies":[{"embeddable":true,"href":"https:\/\/www.ksttukku.fi\/kauppa\/wp-json\/wp\/v2\/comments?post=11298"}],"wp:featuredmedia":[{"embeddable":true,"href":"https:\/\/www.ksttukku.fi\/kauppa\/wp-json\/wp\/v2\/media\/11300"}],"wp:attachment":[{"href":"https:\/\/www.ksttukku.fi\/kauppa\/wp-json\/wp\/v2\/media?parent=11298"}],"wp:term":[{"taxonomy":"product_brand","embeddable":true,"href":"https:\/\/www.ksttukku.fi\/kauppa\/wp-json\/wp\/v2\/product_brand?post=11298"},{"taxonomy":"product_cat","embeddable":true,"href":"https:\/\/www.ksttukku.fi\/kauppa\/wp-json\/wp\/v2\/product_cat?post=11298"},{"taxonomy":"product_tag","embeddable":true,"href":"https:\/\/www.ksttukku.fi\/kauppa\/wp-json\/wp\/v2\/product_tag?post=11298"}],"curies":[{"name":"wp","href":"https:\/\/api.w.org\/{rel}","templated":true}]}}